{"id":2522,"date":"2022-11-23T10:25:01","date_gmt":"2022-11-23T08:25:01","guid":{"rendered":"https:\/\/covesdelespluga.info\/cronologia-i-fets-destacats\/"},"modified":"2024-08-07T09:46:23","modified_gmt":"2024-08-07T07:46:23","slug":"cronologia-i-fets-destacats","status":"publish","type":"page","link":"https:\/\/covesdelespluga.info\/fr\/histoire\/cronologia-i-fets-destacats\/","title":{"rendered":"Chronologie et faits marquants"},"content":{"rendered":"\n    <div class=\"is-flex-tablet  mb-4-desktop mb-4-tablet mb-2-mobile   seccio\">\n        <div class=\"columns   is-multiline is-variable is-6 max-width--70 is-flex-grow-1  \">\n            \n\n<div class=\"column  \" >\n      \n<div class=\"columns\">\n    <div class=\"column\">\n        <div class=\"table-container\">\n                   <table class=\"table is-striped is-fullwidth\">\n                \n                                    <thead>\n                        <tr>\n                                                            <th>Rendez-vous<\/th>\n                                                            <th>Faits<\/th>\n                                                    <\/tr>\n                    <\/thead>\n                                <tbody>\n                                    <tr>\n                                                    <td data-label=\"Rendez-vous\">23 avril 1853<\/td>\n                                                    <td data-label=\"Faits\">D\u00e9couverte de la Grotte de la Fontaine Majeure<\/td>\n                                            <\/tr>\n                                    <tr>\n                                                    <td data-label=\"Rendez-vous\">25 ao\u00fbt 1956<\/td>\n                                                    <td data-label=\"Faits\">Premi\u00e8re exploration sp\u00e9l\u00e9ologique de la Cueva de la Font Major<\/td>\n                                            <\/tr>\n                                    <tr>\n                                                    <td data-label=\"Rendez-vous\">17 janvier 1957<\/td>\n                                                    <td data-label=\"Faits\">Extraction des s\u00e9diments de la Cueva de la Font Major et ouverture de l&rsquo;entr\u00e9e actuelle<\/td>\n                                            <\/tr>\n                                    <tr>\n                                                    <td data-label=\"Rendez-vous\">avril 1957<\/td>\n                                                    <td data-label=\"Faits\">Transfert du 1er Siphon par Diego Ciuraneta et Franch<br \/>\n<\/td>\n                                            <\/tr>\n                                    <tr>\n                                                    <td data-label=\"Rendez-vous\">1957<\/td>\n                                                    <td data-label=\"Faits\">D\u00e9couvertes de bronze dans la Cueva de la Font Major<br \/>\n<\/td>\n                                            <\/tr>\n                                    <tr>\n                                                    <td data-label=\"Rendez-vous\">1961 &#8211; 1962<\/td>\n                                                    <td data-label=\"Faits\">\u00ab\u00a0Etude arch\u00e9ologique du site par Salvador Vilaseca<br \/>\n<\/td>\n                                            <\/tr>\n                                    <tr>\n                                                    <td data-label=\"Rendez-vous\">1967<\/td>\n                                                    <td data-label=\"Faits\">Les 200 premiers m. Cr\u00e8che de No\u00ebl depuis 10 ans<\/td>\n                                            <\/tr>\n                                    <tr>\n                                                    <td data-label=\"Rendez-vous\">Fin 1985<\/td>\n                                                    <td data-label=\"Faits\">La grotte totalise d\u00e9j\u00e0 2 700 m. des galeries<\/td>\n                                            <\/tr>\n                                    <tr>\n                                                    <td data-label=\"Rendez-vous\">Septembre \u2013 octobre 1986<\/td>\n                                                    <td data-label=\"Faits\">Construction reprise du 1er siphon pour extraire l&rsquo;eau de la ville<br \/>\n<\/td>\n                                            <\/tr>\n                                    <tr>\n                                                    <td data-label=\"Rendez-vous\">septembre 1990<\/td>\n                                                    <td data-label=\"Faits\">3 590 m de galeries d\u00e9couvertes dans la Cueva de la Font Major<\/td>\n                                            <\/tr>\n                                    <tr>\n                                                    <td data-label=\"Rendez-vous\">1993<\/td>\n                                                    <td data-label=\"Faits\">Trouv\u00e9 un ensemble de restes fauniques \u00e0 l&rsquo;int\u00e9rieur de la Cueva de la Font Major<\/td>\n                                            <\/tr>\n                                    <tr>\n                                                    <td data-label=\"Rendez-vous\">29 janvier 1994<\/td>\n                                                    <td data-label=\"Faits\">Inauguration de la Cueva de la Font Major en tant que mus\u00e9e. Travaux et initiatives du Centre d&rsquo;\u00e9tudes locales<\/td>\n                                            <\/tr>\n                                    <tr>\n                                                    <td data-label=\"Rendez-vous\">\u00c9t\u00e9 1994<br \/>\n<\/td>\n                                                    <td data-label=\"Faits\">parcours aventure Parcours sp\u00e9l\u00e9ologie<\/td>\n                                            <\/tr>\n                                    <tr>\n                                                    <td data-label=\"Rendez-vous\">10 octobre 1994<\/td>\n                                                    <td data-label=\"Faits\">Eau de Saint-Tomas La Cueva de la Font Major inond\u00e9e<\/td>\n                                            <\/tr>\n                                    <tr>\n                                                    <td data-label=\"Rendez-vous\">Ann\u00e9e scolaire 1996\/97<br \/>\n<\/td>\n                                                    <td data-label=\"Faits\">Inauguration de Cova Castell comme classe-atelier de Pr\u00e9histoire pour les \u00e9coles maternelles et primaires<br \/>\n<\/td>\n                                            <\/tr>\n                                    <tr>\n                                                    <td data-label=\"Rendez-vous\">Cours 1998\/99<\/td>\n                                                    <td data-label=\"Faits\">Inauguration des ateliers de fouilles pour les lyc\u00e9es<br \/>\n<\/td>\n                                            <\/tr>\n                                    <tr>\n                                                    <td data-label=\"Rendez-vous\">1er juillet 2000<\/td>\n                                                    <td data-label=\"Faits\">Inauguration de Cova de la Vila en tant que mus\u00e9e<br \/>\n<\/td>\n                                            <\/tr>\n                                    <tr>\n                                                    <td data-label=\"Rendez-vous\">F\u00e9vrier 2003<\/td>\n                                                    <td data-label=\"Faits\">Placement du Monolithe de la Grotte<br \/>\n<\/td>\n                                            <\/tr>\n                                    <tr>\n                                                    <td data-label=\"Rendez-vous\">\u00c9t\u00e9 2005<\/td>\n                                                    <td data-label=\"Faits\">Service d\u2019audioguide d\u2019incorporation dans diff\u00e9rentes langues<\/td>\n                                            <\/tr>\n                                    <tr>\n                                                    <td data-label=\"Rendez-vous\">janvier 2010<br \/>\n<\/td>\n                                                    <td data-label=\"Faits\">Inauguration de la nouvelle r\u00e9ception de Las Cuevas<\/td>\n                                            <\/tr>\n                                    <tr>\n                                                    <td data-label=\"Rendez-vous\">juin 2012<\/td>\n                                                    <td data-label=\"Faits\">Inauguration de la nouvelle mus\u00e9ographie des Cuevas de l&rsquo;Espluga et de l&rsquo;ensemble des cabanes n\u00e9olithiques. Connexion des deux cavit\u00e9s<\/td>\n                                            <\/tr>\n                                    <tr>\n                                                    <td data-label=\"Rendez-vous\">mai 2013<\/td>\n                                                    <td data-label=\"Faits\">Visiteur 1 000 000. Escuela Joan Marqu\u00e8s Casals de Terrassa<br \/>\n<\/td>\n                                            <\/tr>\n                                    <tr>\n                                                    <td data-label=\"Rendez-vous\">2018<\/td>\n                                                    <td data-label=\"Faits\">Le site est inclus dans le projet de recherche IPHES \u00ab\u00a0\u00c9volution pal\u00e9oenvironnementale et peuplement pr\u00e9historique dans les bassins fluviaux de Francol\u00ed, Gai\u00e0, Siurana et Camp de Tarragona (2018 &#8211; 2021)<\/td>\n                                            <\/tr>\n                                    <tr>\n                                                    <td data-label=\"Rendez-vous\">30 octobre 2019<\/td>\n                                                    <td data-label=\"Faits\">D\u00e9couverte de gravures pal\u00e9olithiques dans les galeries Palletes de la grotte de Font Major<br \/>\n<\/td>\n                                            <\/tr>\n                                <\/tbody>\n            <\/table>\n                <\/div>\n    <\/div>\n<\/div>\n<\/div>\n\n \n        <\/div>        \n    <\/div>\n\n\n","protected":false},"excerpt":{"rendered":"","protected":false},"author":1,"featured_media":0,"parent":2590,"menu_order":102,"comment_status":"closed","ping_status":"closed","template":"layouts\/menu-lateral.php","meta":{"footnotes":""},"class_list":["post-2522","page","type-page","status-publish","hentry"],"acf":[],"_links":{"self":[{"href":"https:\/\/covesdelespluga.info\/fr\/wp-json\/wp\/v2\/pages\/2522"}],"collection":[{"href":"https:\/\/covesdelespluga.info\/fr\/wp-json\/wp\/v2\/pages"}],"about":[{"href":"https:\/\/covesdelespluga.info\/fr\/wp-json\/wp\/v2\/types\/page"}],"author":[{"embeddable":true,"href":"https:\/\/covesdelespluga.info\/fr\/wp-json\/wp\/v2\/users\/1"}],"replies":[{"embeddable":true,"href":"https:\/\/covesdelespluga.info\/fr\/wp-json\/wp\/v2\/comments?post=2522"}],"version-history":[{"count":2,"href":"https:\/\/covesdelespluga.info\/fr\/wp-json\/wp\/v2\/pages\/2522\/revisions"}],"predecessor-version":[{"id":2525,"href":"https:\/\/covesdelespluga.info\/fr\/wp-json\/wp\/v2\/pages\/2522\/revisions\/2525"}],"up":[{"embeddable":true,"href":"https:\/\/covesdelespluga.info\/fr\/wp-json\/wp\/v2\/pages\/2590"}],"wp:attachment":[{"href":"https:\/\/covesdelespluga.info\/fr\/wp-json\/wp\/v2\/media?parent=2522"}],"curies":[{"name":"wp","href":"https:\/\/api.w.org\/{rel}","templated":true}]}}