{"id":2508,"date":"2022-11-23T10:10:23","date_gmt":"2022-11-23T08:10:23","guid":{"rendered":"https:\/\/covesdelespluga.info\/segle-xx\/"},"modified":"2024-08-06T10:58:48","modified_gmt":"2024-08-06T08:58:48","slug":"segle-xx","status":"publish","type":"page","link":"https:\/\/covesdelespluga.info\/fr\/histoire\/segle-xx\/","title":{"rendered":"20i\u00e8me si\u00e8cle"},"content":{"rendered":"<div class=\"full-bleed imatge-destacada  pb-4-desktop pb-4-tablet pb-4-mobile\"> \n    \n                <figure>\n                <img loading=\"lazy\" decoding=\"async\" width=\"1920\" height=\"600\" src=\"https:\/\/covesdelespluga.info\/wp-content\/uploads\/sites\/2\/2022\/12\/Champinyons-aspect-ratio-1920-600.jpg\" class=\"attachment-full size-full\" alt=\"\" \/>            <\/figure>\n        \n    \n<\/div>\n\n\n\n\n    <div class=\"is-flex-tablet  mb-4-desktop mb-4-tablet mb-2-mobile   seccio\">\n        <div class=\"columns   is-multiline is-variable is-6 max-width--70 is-flex-grow-1  \">\n            \n\n<div class=\"column  \" >\n      \n<div class=\"tinymce max-width--60  pb-4-desktop pb-4-tablet pb-2-mobile flow\">\n    <p>CAVA FRANCOLINO<\/p>\n<p>En 1921, trois associ\u00e9s apport\u00e8rent chacun vingt duros (60 centimes d&rsquo;euro) de capital pour d\u00e9marrer la production de cava \u00e0 Espluga. Il s&rsquo;agissait de Josep Cabeza, Salvador Porta y Bernat et Agust\u00ed Roig y Domingo. Bien que la marque ne soit pleinement enregistr\u00e9e qu&rsquo;en 1924, c&rsquo;est en 1921 que le cava Francol\u00ed est mis en vente. La grotte de Quicall, dans la Font Major, a \u00e9t\u00e9 utilis\u00e9e pour en faire la cave o\u00f9 se d\u00e9roulait le processus, qui suivait la m\u00e9thode champenoise. A l&rsquo;Exposition universelle de Barcelone de 1929, il fut r\u00e9compens\u00e9 sous la forme d&rsquo;une m\u00e9daille. Au d\u00e9but de la guerre de 1936-1939, l&rsquo;homme fort de l&rsquo;entreprise, Agust\u00ed Roig, fut tu\u00e9. Apr\u00e8s avoir cess\u00e9 de produire du cava, l&#8217;embouteilleur Gili de Reus a acquis la marque afin de pouvoir b\u00e9n\u00e9ficier d&rsquo;un plus grand approvisionnement en sucre en p\u00e9riode de p\u00e9nurie. En d\u00e9cembre 1998, une fois la marque sauv\u00e9e, la Cooperativa Agr\u00edcola de l&rsquo;Espluga a de nouveau mis en vente un cava avec la d\u00e9nomination historique Francol\u00ed.<\/p>\n<p>POUDRE<\/p>\n<p>Dans la Cueva del Quicall (Grotte de la Villa), un d\u00e9p\u00f4t de munitions a \u00e9t\u00e9 am\u00e9nag\u00e9. Cette poudre alimentait les groupes d&rsquo;artillerie sur les fronts du S\u00e8gre et de l&rsquo;\u00c8bre lors de la bataille de l&rsquo;\u00c8bre. La Cova del Castell a \u00e9t\u00e9 adapt\u00e9e comme refuge, avec le corral Potreta, celui de la pl. De l&rsquo;\u00e9glise et de la carri\u00e8re. Le 1er janvier 1939, \u00e0 9 heures du matin, sept avions de l&rsquo;arm\u00e9e nazie bombard\u00e8rent l&rsquo;Espluga de Francol\u00ed, faisant 7 morts et 22 bless\u00e9s. Le 8 janvier, devant l&rsquo;avanc\u00e9e des troupes franquistes qui se trouvaient \u00e0 Vilanova de Prades et l&rsquo;impossibilit\u00e9 d&rsquo;enlever les munitions faute de moyens de transport, l&rsquo;ordre fut donn\u00e9 de faire sauter la poudre. Il y avait des obus d&rsquo;artillerie et de mortier, un grand nombre de caisses de balles de fusil et des caisses de grenades \u00e0 main. L&rsquo;explosion s&rsquo;est r\u00e9percut\u00e9e dans toute la Conca de Barber\u00e0 et a caus\u00e9 des dommages aux b\u00e2timents voisins. 54 b\u00e2timents, dont des maisons, des corrals et des entrep\u00f4ts, ont \u00e9t\u00e9 d\u00e9truits et de nombreux autres b\u00e2timents de la ville ont \u00e9t\u00e9 touch\u00e9s.<\/p>\n<p>CHAMPIGNONS DE PARIS \u00ab CHAMPI \u00bb<\/p>\n<p>\u00c0 l&rsquo;endroit m\u00eame o\u00f9 \u00e9tait produit le Cava Francol\u00ed avant la guerre de 1936-1939, dans la grotte de Quicall, l&rsquo;entrepreneur Francisco Pedro Verny a commenc\u00e9 la culture de champignons, qui \u00e9taient ensuite vendus frais et en conserve.<\/p>\n<p>CRABE VIVANT<\/p>\n<p>En 1967, le Vivant Bel\u00e9n de l&rsquo;Espluga est repr\u00e9sent\u00e9 \u00e0 l&rsquo;int\u00e9rieur de la Cueva de la Font Major. Pendant une d\u00e9cennie, environ 5 000 visiteurs ont \u00e9t\u00e9 re\u00e7us par \u00e9dition, celle de 1977 \u00e9tant la derni\u00e8re, faute de soutien financier.<\/p>\n<\/div>\n\n\n\n                \n\n    <div class=\"imatge max-width--60  \">\n\n        <div class=\"image \">\n            <figure class=\"image is-inline-block \">\n                                    <img loading=\"lazy\" decoding=\"async\" width=\"2048\" height=\"1434\" src=\"https:\/\/covesdelespluga.info\/wp-content\/uploads\/sites\/2\/2023\/02\/diverses-10.webp\" class=\"\" alt=\"\" \/>                            <\/figure>\n        <\/div>\n    <\/div>\n\n\n\n\n<div class=\"tinymce max-width--60  pb-4-desktop pb-4-tablet pb-2-mobile flow\">\n    <div class=\"flex flex-grow flex-col max-w-full\">\n<div class=\"min-h-[20px] text-message flex w-full flex-col items-end gap-2 whitespace-pre-wrap break-words [.text-message+&amp;]:mt-5 overflow-x-auto\" dir=\"auto\" data-message-author-role=\"assistant\" data-message-id=\"773e1ef2-3610-49ac-b206-b366bab6951a\">\n<div class=\"flex w-full flex-col gap-1 empty:hidden first:pt-[3px]\">\n<div class=\"markdown prose w-full break-words dark:prose-invert light\">\n<div dir=\"ltr\">\n<div class=\"input-box\">\n<div id=\"waffle-rich-text-editor\" class=\"cell-input editable\" dir=\"ltr\" style=\"text-align: right\" role=\"combobox\" aria-label=\"D667\">La cr\u00e8che vivante dans la grotte comprenait des sc\u00e8nes du folklore catalan. (Photo : Fernando Marti)<\/div>\n<\/div>\n<\/div>\n<div style=\"text-align: right\">\u00a0<\/div>\n<\/div>\n<\/div>\n<\/div>\n<\/div>\n<div class=\"mt-1 flex gap-3 empty:hidden -ml-2\">\n<div class=\"items-center justify-start rounded-xl p-1 flex\">\n<div class=\"flex items-center\">\n<div class=\"flex\">\u00a0<\/div>\n<div class=\"flex items-center pb-0\">\n<div class=\"[&amp;_svg]:h-full [&amp;_svg]:w-full icon-md h-4 w-4\" style=\"text-align: right\">\u00a0<\/div>\n<\/div>\n<\/div>\n<\/div>\n<\/div>\n<\/div>\n\n\n<\/div>\n\n \n        <\/div>        \n    <\/div>\n\n\n","protected":false},"excerpt":{"rendered":"","protected":false},"author":1,"featured_media":0,"parent":2590,"menu_order":98,"comment_status":"closed","ping_status":"closed","template":"layouts\/menu-lateral.php","meta":{"footnotes":""},"class_list":["post-2508","page","type-page","status-publish","hentry"],"acf":[],"_links":{"self":[{"href":"https:\/\/covesdelespluga.info\/fr\/wp-json\/wp\/v2\/pages\/2508"}],"collection":[{"href":"https:\/\/covesdelespluga.info\/fr\/wp-json\/wp\/v2\/pages"}],"about":[{"href":"https:\/\/covesdelespluga.info\/fr\/wp-json\/wp\/v2\/types\/page"}],"author":[{"embeddable":true,"href":"https:\/\/covesdelespluga.info\/fr\/wp-json\/wp\/v2\/users\/1"}],"replies":[{"embeddable":true,"href":"https:\/\/covesdelespluga.info\/fr\/wp-json\/wp\/v2\/comments?post=2508"}],"version-history":[{"count":2,"href":"https:\/\/covesdelespluga.info\/fr\/wp-json\/wp\/v2\/pages\/2508\/revisions"}],"predecessor-version":[{"id":2511,"href":"https:\/\/covesdelespluga.info\/fr\/wp-json\/wp\/v2\/pages\/2508\/revisions\/2511"}],"up":[{"embeddable":true,"href":"https:\/\/covesdelespluga.info\/fr\/wp-json\/wp\/v2\/pages\/2590"}],"wp:attachment":[{"href":"https:\/\/covesdelespluga.info\/fr\/wp-json\/wp\/v2\/media?parent=2508"}],"curies":[{"name":"wp","href":"https:\/\/api.w.org\/{rel}","templated":true}]}}