{"id":2494,"date":"2022-11-23T10:21:26","date_gmt":"2022-11-23T08:21:26","guid":{"rendered":"https:\/\/covesdelespluga.info\/epoca-romana\/"},"modified":"2024-08-06T10:16:21","modified_gmt":"2024-08-06T08:16:21","slug":"epoca-romana","status":"publish","type":"page","link":"https:\/\/covesdelespluga.info\/fr\/histoire\/epoca-romana\/","title":{"rendered":"\u00c9poque Romaine"},"content":{"rendered":"<div class=\"full-bleed imatge-destacada  pb-4-desktop pb-4-tablet pb-4-mobile\"> \n    \n                <figure>\n                <img loading=\"lazy\" decoding=\"async\" width=\"1920\" height=\"600\" src=\"https:\/\/covesdelespluga.info\/wp-content\/uploads\/sites\/2\/2022\/12\/Cova_blat-scaled-aspect-ratio-1920-600.jpg\" class=\"attachment-full size-full\" alt=\"\" \/>            <\/figure>\n        \n    \n<\/div>\n\n\n\n    <div class=\"max-width--70 mt-4-desktop pb-4-desktop pb-4-tablet pb-2-mobile capcalera  \">\n        <h3>Un ensemble de pi\u00e8ces<\/h3>    <\/div>\n\n\n\n\n    <div class=\"is-flex-tablet  mb-4-desktop mb-4-tablet mb-2-mobile   seccio\">\n        <div class=\"columns   is-multiline is-variable is-6 max-width--70 is-flex-grow-1  \">\n            \n\n<div class=\"column  \" >\n      \n<div class=\"tinymce max-width--60  pb-4-desktop pb-4-tablet pb-2-mobile flow\">\n    <p>\u00c0 l&rsquo;\u00e9poque romaine, s\u00fbrement peu apr\u00e8s le changement d&rsquo;\u00e9poque, l&rsquo;entr\u00e9e de la Cueva de la Font Major \u00e9tait obstru\u00e9e \u00e0 cause de d\u00e9bris et aussi \u00e0 cause de l&rsquo;apport lent mais constant de s\u00e9diments d\u00e9plac\u00e9s par le cours d&rsquo;eau intermittent qui devaient encore circuler ponctuellement pour cette galerie ; et cela a fini par cacher l&rsquo;acc\u00e8s \u00e0 la cavit\u00e9. A cette \u00e9poque, le vestibule de la grotte n&rsquo;\u00e9tait qu&rsquo;une galerie basse qui n&rsquo;aurait pas d\u00fb atteindre le m\u00e9tro. Par cons\u00e9quent, la trace que le monde romain a laiss\u00e9e dans la Grotte n\u2019est pas tr\u00e8s significative. Des pi\u00e8ces de c\u00e9ramique appartenant \u00e0 la fin du si\u00e8cle sont apparues \u00e0 quelques m\u00e8tres de l&rsquo;entr\u00e9e. III avant JC et le d\u00e9but du s. IIa. C., ainsi qu&rsquo;un ensemble de monnaies romaines qui nous situent dans le s. Et d.<\/p>\n<\/div>\n\n\n<\/div>\n\n \n        <\/div>        \n    <\/div>\n\n\n","protected":false},"excerpt":{"rendered":"","protected":false},"author":1,"featured_media":0,"parent":2590,"menu_order":94,"comment_status":"closed","ping_status":"closed","template":"layouts\/menu-lateral.php","meta":{"footnotes":""},"class_list":["post-2494","page","type-page","status-publish","hentry"],"acf":[],"_links":{"self":[{"href":"https:\/\/covesdelespluga.info\/fr\/wp-json\/wp\/v2\/pages\/2494"}],"collection":[{"href":"https:\/\/covesdelespluga.info\/fr\/wp-json\/wp\/v2\/pages"}],"about":[{"href":"https:\/\/covesdelespluga.info\/fr\/wp-json\/wp\/v2\/types\/page"}],"author":[{"embeddable":true,"href":"https:\/\/covesdelespluga.info\/fr\/wp-json\/wp\/v2\/users\/1"}],"replies":[{"embeddable":true,"href":"https:\/\/covesdelespluga.info\/fr\/wp-json\/wp\/v2\/comments?post=2494"}],"version-history":[{"count":2,"href":"https:\/\/covesdelespluga.info\/fr\/wp-json\/wp\/v2\/pages\/2494\/revisions"}],"predecessor-version":[{"id":2497,"href":"https:\/\/covesdelespluga.info\/fr\/wp-json\/wp\/v2\/pages\/2494\/revisions\/2497"}],"up":[{"embeddable":true,"href":"https:\/\/covesdelespluga.info\/fr\/wp-json\/wp\/v2\/pages\/2590"}],"wp:attachment":[{"href":"https:\/\/covesdelespluga.info\/fr\/wp-json\/wp\/v2\/media?parent=2494"}],"curies":[{"name":"wp","href":"https:\/\/api.w.org\/{rel}","templated":true}]}}