{"id":2472,"date":"2022-11-23T09:44:09","date_gmt":"2022-11-23T07:44:09","guid":{"rendered":"https:\/\/covesdelespluga.info\/edat-del-bronze\/"},"modified":"2024-08-06T09:26:07","modified_gmt":"2024-08-06T07:26:07","slug":"edat-del-bronze","status":"publish","type":"page","link":"https:\/\/covesdelespluga.info\/fr\/histoire\/edat-del-bronze\/","title":{"rendered":"L&rsquo;\u00e2ge du bronze"},"content":{"rendered":"<div class=\"full-bleed imatge-destacada  pb-4-desktop pb-4-tablet pb-4-mobile\"> \n    \n                <figure>\n                <img loading=\"lazy\" decoding=\"async\" width=\"1920\" height=\"600\" src=\"https:\/\/covesdelespluga.info\/wp-content\/uploads\/sites\/2\/2022\/12\/D76K4110-Agulles-de-bronze.-aspect-ratio-1920-600.jpg\" class=\"attachment-full size-full\" alt=\"\" \/>            <\/figure>\n        \n    \n<\/div>\n\n\n\n    <div class=\"max-width--70 mt-4-desktop pb-4-desktop pb-4-tablet pb-2-mobile capcalera  \">\n        <h3> Un d\u00e9p\u00f4t d&rsquo;objets en bronze<\/h3>    <\/div>\n\n\n\n\n    <div class=\"is-flex-tablet  mb-4-desktop mb-4-tablet mb-2-mobile   seccio\">\n        <div class=\"columns   is-multiline is-variable is-6 max-width--70 is-flex-grow-1  \">\n            \n\n<div class=\"column  is-8\" >\n      \n<div class=\"tinymce max-width--60  pb-4-desktop pb-4-tablet pb-2-mobile flow\">\n    <p>En 1957, d\u00e8s l&rsquo;ouverture de l&rsquo;entr\u00e9e de la grotte de Font Major, un ensemble d&rsquo;objets en bronze compos\u00e9 d&rsquo;un total de six pi\u00e8ces a \u00e9t\u00e9 document\u00e9 : un poignard, une hache de bordure, une petite \u00e9p\u00e9e, des fragments de lames d&rsquo;armes et deux aiguilles \u00e0 t\u00eate plate finement travaill\u00e9es. Il faut souligner l&rsquo;unicit\u00e9 des aiguilles, qui trouvent la plupart de leurs parall\u00e8les en Savoie et dans le Jura fran\u00e7ais, peut-\u00eatre d&rsquo;origine \u00e9trang\u00e8re (France), dans des contextes que l&rsquo;on peut dater des IXe-VIIIe si\u00e8cles av. La pr\u00e9sence group\u00e9e de cet ensemble d&rsquo;\u00e9l\u00e9ments et leur d\u00e9p\u00f4t intentionnel dans un petit espace situ\u00e9 \u00e0 seulement 50 m\u00e8tres de l&rsquo;entr\u00e9e de la grotte de Font Major indique tr\u00e8s probablement l&rsquo;existence d&rsquo;un d\u00e9p\u00f4t votif ou rituel, qui peut \u00eatre interpr\u00e9t\u00e9 comme un c\u00e9notaphe ou une offrande post-mortem.<\/p>\n<\/div>\n\n\n<\/div>\n\n\n\n<div class=\"column  \" >\n      \n<div class=\"tinymce max-width--60  pb-4-desktop pb-4-tablet pb-2-mobile flow\">\n    <p class=\"highlighted-p-3\">Objets en bronze compos\u00e9s d&rsquo;un total de six pi\u00e8ces<\/p>\n<\/div>\n\n\n<\/div>\n\n \n        <\/div>        \n    <\/div>\n\n\n","protected":false},"excerpt":{"rendered":"","protected":false},"author":1,"featured_media":0,"parent":2590,"menu_order":87,"comment_status":"closed","ping_status":"closed","template":"layouts\/menu-lateral.php","meta":{"footnotes":""},"class_list":["post-2472","page","type-page","status-publish","hentry"],"acf":[],"_links":{"self":[{"href":"https:\/\/covesdelespluga.info\/fr\/wp-json\/wp\/v2\/pages\/2472"}],"collection":[{"href":"https:\/\/covesdelespluga.info\/fr\/wp-json\/wp\/v2\/pages"}],"about":[{"href":"https:\/\/covesdelespluga.info\/fr\/wp-json\/wp\/v2\/types\/page"}],"author":[{"embeddable":true,"href":"https:\/\/covesdelespluga.info\/fr\/wp-json\/wp\/v2\/users\/1"}],"replies":[{"embeddable":true,"href":"https:\/\/covesdelespluga.info\/fr\/wp-json\/wp\/v2\/comments?post=2472"}],"version-history":[{"count":2,"href":"https:\/\/covesdelespluga.info\/fr\/wp-json\/wp\/v2\/pages\/2472\/revisions"}],"predecessor-version":[{"id":2475,"href":"https:\/\/covesdelespluga.info\/fr\/wp-json\/wp\/v2\/pages\/2472\/revisions\/2475"}],"up":[{"embeddable":true,"href":"https:\/\/covesdelespluga.info\/fr\/wp-json\/wp\/v2\/pages\/2590"}],"wp:attachment":[{"href":"https:\/\/covesdelespluga.info\/fr\/wp-json\/wp\/v2\/media?parent=2472"}],"curies":[{"name":"wp","href":"https:\/\/api.w.org\/{rel}","templated":true}]}}