{"id":2461,"date":"2022-11-23T09:38:05","date_gmt":"2022-11-23T07:38:05","guid":{"rendered":"https:\/\/covesdelespluga.info\/el-neolitic\/"},"modified":"2024-08-06T09:13:09","modified_gmt":"2024-08-06T07:13:09","slug":"el-neolitic","status":"publish","type":"page","link":"https:\/\/covesdelespluga.info\/fr\/histoire\/el-neolitic\/","title":{"rendered":"The Neolithic"},"content":{"rendered":"<div class=\"full-bleed imatge-destacada  pb-4-desktop pb-4-tablet pb-4-mobile\"> \n    \n                <figure>\n                <img loading=\"lazy\" decoding=\"async\" width=\"1920\" height=\"600\" src=\"https:\/\/covesdelespluga.info\/wp-content\/uploads\/sites\/2\/2022\/12\/Cova_forn-ceramica-scaled-aspect-ratio-1920-600.jpg\" class=\"attachment-full size-full\" alt=\"\" \/>            <\/figure>\n        \n    \n<\/div>\n\n\n\n\n    <div class=\"is-flex-tablet  mb-4-desktop mb-4-tablet mb-2-mobile   seccio\">\n        <div class=\"columns   is-multiline is-variable is-6 max-width--60 is-flex-grow-1  \">\n            \n\n<div class=\"column  \" >\n      \n    <div class=\"max-width--70 mt-4-desktop pb-4-desktop pb-4-tablet pb-2-mobile capcalera  \">\n        <h3><p>Utilisation de la grotte comme lieu d&rsquo;habitat permanent<\/p><\/h3>    <\/div>\n\n\n\n<div class=\"tinymce max-width--60  pb-4-desktop pb-4-tablet pb-2-mobile flow\">\n    <div class=\"docos-replyview-body docos-anchoredreplyview-body docos-replyview-body-emoji-reactable docos-replyview-body-emoji-reactable-background\" dir=\"ltr\">L&rsquo;occupation n\u00e9olithique de la Grotte de la Font Major fait partie de l&rsquo;ensemble des sites indiquant l&rsquo;existence des premiers \u00e9tablissements permanents connus dans la r\u00e9gion de l&rsquo;Alto Francol\u00ed. \u00c0 cet \u00e9gard, la r\u00e9\u00e9tude des mat\u00e9riaux c\u00e9ramiques et des fragments lithiques d\u00e9pos\u00e9s au Mus\u00e9e Salvador Vilaseca de Reus (Mir\u00f3 1995), ainsi que la publication de certaines donn\u00e9es document\u00e9es ult\u00e9rieures (Carreras 2002), nous parlent d&rsquo;un site qui permet d&rsquo;entreprendre une r\u00e9vision approfondie de l&rsquo;ancien N\u00e9olithique Cardial dans le sud de la Catalogne et qui a fourni un v\u00e9ritable groupe de r\u00e9f\u00e9rence.<\/div>\n<div class=\"flex flex-grow flex-col max-w-full\">\n<div class=\"min-h-[20px] text-message flex w-full flex-col items-end gap-2 whitespace-pre-wrap break-words [.text-message+&amp;]:mt-5 overflow-x-auto\" dir=\"auto\" data-message-author-role=\"assistant\" data-message-id=\"923ea1c7-eeb2-4323-9d15-71ff5cb311f8\">\n<div class=\"flex w-full flex-col gap-1 empty:hidden first:pt-[3px]\">\n<div class=\"markdown prose w-full break-words dark:prose-invert light\">\n<p>\u00c0 cet \u00e9gard, il convient \u00e9galement de souligner les nouvelles interventions r\u00e9alis\u00e9es en 2011 par l&rsquo;Institut de Pal\u00e9o\u00e9cologie Humaine et d&rsquo;\u00c9volution Sociale (IPHES), qui ont document\u00e9 l&rsquo;un des niveaux arch\u00e9ologiques les plus importants correspondant au N\u00e9olithique ancien dans les grottes de Catalogne. Ces travaux arch\u00e9ologiques ont \u00e9t\u00e9 motiv\u00e9s par les travaux d&rsquo;am\u00e9nagement des grottes pour la nouvelle mus\u00e9ographie et ont permis d&rsquo;enregistrer un niveau avec des mat\u00e9riaux arch\u00e9ologiques abondants, comprenant une industrie lithique (une partie r\u00e9alis\u00e9e par la technique du polissage, comme les haches), des restes de faune, une industrie osseuse et de la c\u00e9ramique. En ce sens, la pr\u00e9sence de fragments de c\u00e9ramique cardiale (d\u00e9cor\u00e9e avec des applications d&rsquo;un type de coquillage appel\u00e9 Cardium edule), ainsi que la d\u00e9couverte d&rsquo;autres types d\u00e9coratifs, permet d&rsquo;inf\u00e9rer l&rsquo;existence d&rsquo;usages humains dans la cavit\u00e9 durant le N\u00e9olithique ancien, il y a entre 6 000 et 7 000 ans.<\/p>\n<div class=\"flex flex-grow flex-col max-w-full\">\n<div class=\"min-h-[20px] text-message flex w-full flex-col items-end gap-2 whitespace-pre-wrap break-words [.text-message+&amp;]:mt-5 overflow-x-auto\" dir=\"auto\" data-message-author-role=\"assistant\" data-message-id=\"227d78ca-8f4e-4a6c-8644-17ba8d4c3c4d\">\n<div class=\"flex w-full flex-col gap-1 empty:hidden first:pt-[3px]\">\n<div class=\"markdown prose w-full break-words dark:prose-invert light\">\n<p>Tout cela nous indique qu&rsquo;autour de 4600 av. J.-C., la grotte fut occup\u00e9e par les premi\u00e8res communaut\u00e9s s\u00e9dentaires, qui venaient juste de commencer la culture de la terre et la domestication de certains animaux. Les cultures pr\u00e9dominantes \u00e0 cette \u00e9poque \u00e9taient les c\u00e9r\u00e9ales (bl\u00e9 et orge) et les l\u00e9gumineuses (lentilles et pois), dont l&rsquo;exploitation peut \u00eatre li\u00e9e \u00e0 la pr\u00e9sence des lames de silex document\u00e9es dans la grotte de la Font Major, utilis\u00e9es pour la production de petites lames employ\u00e9es comme pi\u00e8ces ou dents de faucille.<\/p>\n<\/div>\n<\/div>\n<\/div>\n<\/div>\n<\/div>\n<\/div>\n<\/div>\n<\/div>\n<\/div>\n\n\n<\/div>\n\n \n        <\/div>        \n    <\/div>\n\n\n","protected":false},"excerpt":{"rendered":"","protected":false},"author":1,"featured_media":0,"parent":2590,"menu_order":82,"comment_status":"closed","ping_status":"closed","template":"layouts\/menu-lateral.php","meta":{"footnotes":""},"class_list":["post-2461","page","type-page","status-publish","hentry"],"acf":[],"_links":{"self":[{"href":"https:\/\/covesdelespluga.info\/fr\/wp-json\/wp\/v2\/pages\/2461"}],"collection":[{"href":"https:\/\/covesdelespluga.info\/fr\/wp-json\/wp\/v2\/pages"}],"about":[{"href":"https:\/\/covesdelespluga.info\/fr\/wp-json\/wp\/v2\/types\/page"}],"author":[{"embeddable":true,"href":"https:\/\/covesdelespluga.info\/fr\/wp-json\/wp\/v2\/users\/1"}],"replies":[{"embeddable":true,"href":"https:\/\/covesdelespluga.info\/fr\/wp-json\/wp\/v2\/comments?post=2461"}],"version-history":[{"count":2,"href":"https:\/\/covesdelespluga.info\/fr\/wp-json\/wp\/v2\/pages\/2461\/revisions"}],"predecessor-version":[{"id":2464,"href":"https:\/\/covesdelespluga.info\/fr\/wp-json\/wp\/v2\/pages\/2461\/revisions\/2464"}],"up":[{"embeddable":true,"href":"https:\/\/covesdelespluga.info\/fr\/wp-json\/wp\/v2\/pages\/2590"}],"wp:attachment":[{"href":"https:\/\/covesdelespluga.info\/fr\/wp-json\/wp\/v2\/media?parent=2461"}],"curies":[{"name":"wp","href":"https:\/\/api.w.org\/{rel}","templated":true}]}}