{"id":2450,"date":"2022-11-23T19:37:29","date_gmt":"2022-11-23T17:37:29","guid":{"rendered":"https:\/\/covesdelespluga.info\/el-paleolitic\/"},"modified":"2024-08-05T14:30:10","modified_gmt":"2024-08-05T12:30:10","slug":"el-paleolitic","status":"publish","type":"page","link":"https:\/\/covesdelespluga.info\/fr\/histoire\/el-paleolitic\/","title":{"rendered":"Le Pal\u00e9olithique"},"content":{"rendered":"<div class=\"full-bleed imatge-destacada  pb-4-desktop pb-4-tablet pb-4-mobile\"> \n    \n                <figure>\n                <img loading=\"lazy\" decoding=\"async\" width=\"1920\" height=\"600\" src=\"https:\/\/covesdelespluga.info\/wp-content\/uploads\/sites\/2\/2022\/12\/Cova_neandertals-scaled-aspect-ratio-1920-600.jpg\" class=\"attachment-full size-full\" alt=\"\" \/>            <\/figure>\n        \n    \n<\/div>\n\n\n\n\n    <div class=\"is-flex-tablet  mb-4-desktop mb-4-tablet mb-2-mobile   seccio\">\n        <div class=\"columns   is-multiline is-variable is-6 max-width--60 is-flex-grow-1  \">\n            \n\n<div class=\"column  \" >\n      \n<div class=\"tinymce max-width--60  pb-4-desktop pb-4-tablet pb-2-mobile flow\">\n    <p>Le plus ancien t\u00e9moignage arch\u00e9ologique document\u00e9 dans les grottes d&rsquo;Espluga est constitu\u00e9 d&rsquo;un groupe de restes fauniques comprenant des dents de rhinoc\u00e9ros, d&rsquo;hy\u00e8ne, de cerf et de cheval, ainsi que divers bois de cerf et un morceau de quartz, qui semble avoir \u00e9t\u00e9 travaill\u00e9 ou fragment\u00e9 de mani\u00e8re intentionnelle. La localisation de la d\u00e9couverte (position secondaire) et le regroupement des \u00e9l\u00e9ments semblent indiquer que l&rsquo;assemblage a \u00e9t\u00e9 form\u00e9 par une action anthropique. Sa chronologie sugg\u00e8re un \u00e2ge qui pourrait se situer entre le Pl\u00e9istoc\u00e8ne moyen et le Pl\u00e9istoc\u00e8ne sup\u00e9rieur (d\u00e9but de la derni\u00e8re glaciation) et pourrait sugg\u00e9rer que le site a \u00e9t\u00e9 fr\u00e9quent\u00e9 par des groupes humains.<\/p>\n<p>D&rsquo;autre part, dans les embouchures de la Cueva de la Font Major et de la Cueva de la Vila, on a identifi\u00e9 plusieurs niveaux stratigraphiques qui montrent la pr\u00e9sence d&rsquo;une industrie lithique qui peut \u00eatre attribu\u00e9e au Pal\u00e9olithique sup\u00e9rieur. Il convient de rappeler que la grotte pr\u00e9sente une s\u00e9rie de caract\u00e9ristiques particuli\u00e8res qui sugg\u00e8rent qu&rsquo;elle a \u00e9t\u00e9 utilis\u00e9e de mani\u00e8re saisonni\u00e8re ou p\u00e9riodique par des groupes nomades dans le but d&rsquo;exploiter pleinement toutes les ressources offertes par l&rsquo;environnement.<\/p>\n<p>La d\u00e9couverte des gravures pal\u00e9olithiques dans les gatoneras de Cal Palletes situe la pr\u00e9sence humaine dans ces galeries il y a environ 37 000 ans. Un sanctuaire pal\u00e9olithique avec des repr\u00e9sentations figuratives utilisant la technique de la gravure qui a fait de la grotte un lieu de culte et de spiritualit\u00e9 pour ces premi\u00e8res communaut\u00e9s humaines.<\/p>\n<\/div>\n\n\n<\/div>\n\n \n        <\/div>        \n    <\/div>\n\n\n","protected":false},"excerpt":{"rendered":"","protected":false},"author":1,"featured_media":0,"parent":2590,"menu_order":78,"comment_status":"closed","ping_status":"closed","template":"layouts\/menu-lateral.php","meta":{"footnotes":""},"class_list":["post-2450","page","type-page","status-publish","hentry"],"acf":[],"_links":{"self":[{"href":"https:\/\/covesdelespluga.info\/fr\/wp-json\/wp\/v2\/pages\/2450"}],"collection":[{"href":"https:\/\/covesdelespluga.info\/fr\/wp-json\/wp\/v2\/pages"}],"about":[{"href":"https:\/\/covesdelespluga.info\/fr\/wp-json\/wp\/v2\/types\/page"}],"author":[{"embeddable":true,"href":"https:\/\/covesdelespluga.info\/fr\/wp-json\/wp\/v2\/users\/1"}],"replies":[{"embeddable":true,"href":"https:\/\/covesdelespluga.info\/fr\/wp-json\/wp\/v2\/comments?post=2450"}],"version-history":[{"count":2,"href":"https:\/\/covesdelespluga.info\/fr\/wp-json\/wp\/v2\/pages\/2450\/revisions"}],"predecessor-version":[{"id":2453,"href":"https:\/\/covesdelespluga.info\/fr\/wp-json\/wp\/v2\/pages\/2450\/revisions\/2453"}],"up":[{"embeddable":true,"href":"https:\/\/covesdelespluga.info\/fr\/wp-json\/wp\/v2\/pages\/2590"}],"wp:attachment":[{"href":"https:\/\/covesdelespluga.info\/fr\/wp-json\/wp\/v2\/media?parent=2450"}],"curies":[{"name":"wp","href":"https:\/\/api.w.org\/{rel}","templated":true}]}}