{"id":2438,"date":"2022-11-22T16:41:33","date_gmt":"2022-11-22T14:41:33","guid":{"rendered":"https:\/\/covesdelespluga.info\/historia-de-les-excavacions\/"},"modified":"2024-08-05T14:12:09","modified_gmt":"2024-08-05T12:12:09","slug":"historia-de-les-excavacions","status":"publish","type":"page","link":"https:\/\/covesdelespluga.info\/fr\/histoire\/historia-de-les-excavacions\/","title":{"rendered":"Histoire des fouilles"},"content":{"rendered":"<div class=\"full-bleed imatge-destacada  pb-4-desktop pb-4-tablet pb-4-mobile\"> \n    \n                <figure>\n                <img loading=\"lazy\" decoding=\"async\" width=\"1920\" height=\"600\" src=\"https:\/\/covesdelespluga.info\/wp-content\/uploads\/sites\/2\/2022\/12\/IMG_1536-scaled-aspect-ratio-1920-600.jpg\" class=\"attachment-full size-full\" alt=\"\" \/>            <\/figure>\n        \n    \n<\/div>\n\n\n\n\n    <div class=\"is-flex-tablet  mb-4-desktop mb-4-tablet mb-2-mobile   seccio\">\n        <div class=\"columns   is-multiline is-variable is-6 max-width--70 is-flex-grow-1  \">\n            \n\n<div class=\"column  \" >\n      \n<div class=\"tinymce max-width--60  pb-4-desktop pb-4-tablet pb-2-mobile flow\">\n    <p>Les acc\u00e8s ou entr\u00e9es naturelles des grottes de l&rsquo;Espluga se trouvent dans le quartier de Font Major, une zone situ\u00e9e dans le secteur nord-ouest de la commune de l&rsquo;Espluga, dans laquelle on conna\u00eet des donn\u00e9es et des vestiges qui couvrent un large spectre chronologique. En ce sens, il faut souligner que, selon les multiples preuves document\u00e9es, les grottes de l&rsquo;Espluga auraient \u00e9t\u00e9 occup\u00e9es et\/ou fr\u00e9quent\u00e9es sans interruption depuis le Pal\u00e9olithique moyen jusqu&rsquo;\u00e0 nos jours.<\/p>\n<p>Dans la grotte de Font Major, il faut souligner les interventions arch\u00e9ologiques r\u00e9alis\u00e9es par Salvador Vilaseca dans les ann\u00e9es 1960. La grotte de Font Major, imm\u00e9diatement apr\u00e8s sa d\u00e9couverte en 1957, a subi une s\u00e9rie d&rsquo;agressions qui l&rsquo;ont irr\u00e9versiblement endommag\u00e9e en tant que site arch\u00e9ologique. Cependant, Salvador Vilaseca, lors d&rsquo;interventions sp\u00e9cifiques men\u00e9es dans les ann\u00e9es 1960, a r\u00e9cup\u00e9r\u00e9 une partie du dossier arch\u00e9ologique, ce qui a permis de mettre en \u00e9vidence l&rsquo;importance de ce site par rapport \u00e0 diverses utilisations ou occupations :<\/p>\n<ul>\n<li>D&rsquo;une part, le site document\u00e9 dans la Sala del Lago (salle P), qui comprend du mat\u00e9riel c\u00e9ramique datable de la fin du Bronze-d\u00e9but du Fer et de la p\u00e9riode ib\u00e9rique. Certaines d\u00e9couvertes r\u00e9pondent certainement \u00e0 la pratique d&rsquo;activit\u00e9s rituelles li\u00e9es aux eaux et \u00e0 la source de la rivi\u00e8re souterraine.<\/li>\n<li>La localisation d&rsquo;une cache d&rsquo;objets en bronze situ\u00e9e sur le c\u00f4t\u00e9 E-SE de la Sala de la Mamella, \u00e0 environ 50 m de l&rsquo;entr\u00e9e.<\/li>\n<li>La fouille des carottes r\u00e9siduelles qui sont rest\u00e9es attach\u00e9es aux parois de la grotte (E-SE et W-NW) apr\u00e8s la vidange syst\u00e9matique et incontr\u00f4l\u00e9e des s\u00e9diments \u00e0 l&rsquo;entr\u00e9e de la grotte, qui a livr\u00e9 de multiples vestiges de l&rsquo;\u00e9poque n\u00e9olithique.<\/li>\n<\/ul>\n<\/div>\n\n\n\n<div class=\"tinymce max-width--60  pb-4-desktop pb-4-tablet pb-2-mobile flow\">\n    <p>D&rsquo;autre part, il faut \u00e9galement tenir compte du fait qu&rsquo;en 1993, dans le cadre des travaux de conditionnement li\u00e9s \u00e0 la mus\u00e9ification de la grotte, des restes de faune appartenant aux esp\u00e8ces Dicerorhinus mercki, Equus caballus, Crocuta spelea et Cervus elaphus (trois morceaux de dents de rhinoc\u00e9ros, des dents de cheval, deux morceaux de dents de hy\u00e8ne, plusieurs morceaux de dents et des fragments de bois de cerf) ont \u00e9t\u00e9 trouv\u00e9s \u00e0 environ 100 m\u00e8tres de l&rsquo;entr\u00e9e de la grotte. Cette association faunique a \u00e9t\u00e9 chronologiquement attribu\u00e9e au Pl\u00e9istoc\u00e8ne moyen ou au d\u00e9but du Pl\u00e9istoc\u00e8ne sup\u00e9rieur. Des restes de quartz ont \u00e9galement \u00e9t\u00e9 collect\u00e9s et ont \u00e9t\u00e9 interpr\u00e9t\u00e9s comme une possible contribution anthropog\u00e9nique (Genera 1995).<\/p>\n<p>En ce qui concerne la Cueva de la Vila, il est certain qu&rsquo;au niveau arch\u00e9ologique, nous connaissons certaines donn\u00e9es concernant la p\u00e9riode m\u00e9di\u00e9vale. En effet, les fouilles r\u00e9alis\u00e9es en 1999 \u00e0 l&rsquo;int\u00e9rieur de la Cueva de la Villa ont permis de documenter l&rsquo;existence d&rsquo;un mur m\u00e9di\u00e9val associ\u00e9 \u00e0 un pavement de chaux et \u00e0 une chemin\u00e9e, ce qui confirme l&rsquo;utilisation de la grotte en tant qu&rsquo;espace domestique. Parmi l&rsquo;ensemble des mat\u00e9riaux r\u00e9cup\u00e9r\u00e9s dans les niveaux d&rsquo;utilisation associ\u00e9s au pavement en question, il faut souligner la d\u00e9couverte d&rsquo;une boucle de ceinture datant des XIIIe-XIVe si\u00e8cles. En outre, dans le cas de la Cueva de la Vila, on note la pr\u00e9sence de murs d&rsquo;enceinte aux deux entr\u00e9es, murs qui, de par leur typologie, semblent avoir \u00e9t\u00e9 clairement construits \u00e0 l&rsquo;\u00e9poque m\u00e9di\u00e9vale ; d&rsquo;une part, un mur \u00e9pais attach\u00e9 \u00e0 l&rsquo;entr\u00e9e principale, et d&rsquo;autre part, deux murs d&rsquo;enceinte qui sont conserv\u00e9s \u00e0 l&rsquo;entr\u00e9e nord. Tout semble donc indiquer que la Cueva de la Villa aurait \u00e9t\u00e9 utilis\u00e9e comme lieu d&rsquo;abri et de refuge pendant les p\u00e9riodes wisigothique et musulmane, et probablement aussi pendant le repeuplement de la r\u00e9gion aux XIe et XIIe si\u00e8cles.<\/p>\n<p>D&rsquo;autre part, il convient de noter que toute la zone qui s&rsquo;\u00e9tend du lit de la rivi\u00e8re Milans-Francol\u00ed jusqu&rsquo;\u00e0 la zone actuellement occup\u00e9e par C\/ Almendros, C\/ Castell, C\/ Bellavista, C\/ Templaris et C\/ Capuig, est l&rsquo;une de celles qui a fourni le plus de donn\u00e9es concernant l&rsquo;occupation de la fin de l&rsquo;Antiquit\u00e9 et de l&rsquo;\u00e9poque m\u00e9di\u00e9vale. En effet, le nom m\u00eame de Spelunca, que les repeupleurs ont identifi\u00e9 avec le lieu \u00e0 partir de la moiti\u00e9 du XIe si\u00e8cle, semble r\u00e9v\u00e9ler le type de population qui existait au d\u00e9but du Moyen \u00c2ge dans cette zone. Dans ce sens, il a \u00e9t\u00e9 sugg\u00e9r\u00e9 que l&rsquo;ensemble des grottes situ\u00e9es sous les falaises du ch\u00e2teau (rue Ametllers), la grotte disparue d&rsquo;Els Escanyats, ainsi que la Cueva de la Vila elle-m\u00eame, seraient devenus des espaces r\u00e9occup\u00e9s comme lieux d&rsquo;habitat dans l&rsquo;\u00e9tape pr\u00e9c\u00e9dant la reconqu\u00eate (Carreras 2002).<\/p>\n<p>En 2011, sous la direction de Marta Fontanals Torroja (URV-IPHES), une intervention arch\u00e9ologique pr\u00e9ventive a \u00e9t\u00e9 men\u00e9e, au cours de laquelle une partie du d\u00e9p\u00f4t s\u00e9dimentaire entre l&#8217;embouchure de la grotte Font Major et l&#8217;embouchure adjacente de la grotte Villa a \u00e9t\u00e9 excav\u00e9e. L&rsquo;objectif \u00e9tait de cr\u00e9er un passage pour relier les deux cavit\u00e9s, qui avaient \u00e9t\u00e9 isol\u00e9es par le pass\u00e9 en raison d&rsquo;un glissement de terrain et de l&rsquo;accumulation de s\u00e9diments qui en avait r\u00e9sult\u00e9. . Pr\u00e8s de deux m\u00e8tres de d\u00e9p\u00f4t s\u00e9dimentaire ont \u00e9t\u00e9 excav\u00e9s, mettant en \u00e9vidence l&rsquo;apparition d&rsquo;anciens niveaux n\u00e9olithiques avec d&rsquo;abondants restes de faune et de culture mat\u00e9rielle, ainsi qu&rsquo;un niveau de base avec une industrie lithique qui, avec des doutes, pourrait \u00eatre attribu\u00e9e au Pal\u00e9olithique sup\u00e9rieur.<\/p>\n<p>La constatation que, au moins dans la zone de l&#8217;embouchure de la grotte de Font Major, une partie du d\u00e9p\u00f4t s\u00e9dimentaire \u00e9tait conserv\u00e9e avec des vestiges d&rsquo;occupations n\u00e9olithiques et peut-\u00eatre pal\u00e9olithiques sup\u00e9rieures a conduit l&rsquo;IPHES \u00e0 s&rsquo;int\u00e9resser \u00e0 nouveau au site. Ainsi, en 2018, et suite aux excellentes perspectives dans l&rsquo;identification des pratiques pr\u00e9historiques d&rsquo;\u00e9levage, offertes par les premi\u00e8res analyses d&rsquo;isotopes stables r\u00e9alis\u00e9es sur des \u00e9chantillons de faune domestique des niveaux du N\u00e9olithique ancien fouill\u00e9s en 2011, il a \u00e9t\u00e9 d\u00e9cid\u00e9 d&rsquo;int\u00e9grer le site au projet de recherche de l&rsquo;IPHES \u00ab\u00a0\u00a0\u00bbEvolution pal\u00e9oenvironnementale et peuplement pr\u00e9historique dans les bassins du Francol\u00ed, du Gai\u00e0, du Siurana et des ruisseaux du Camp de Tarragone (2018-2021)\u00a0\u00bb\u00a0\u00bb. Ce projet fait partie des projets de recherche quadriennaux en arch\u00e9ologie du d\u00e9partement de la culture de la Generalitat de Catalunya, et est le chercheur principal Josep Maria Verg\u00e8s Bosch. Dans le cadre de ce projet, l&rsquo;IPHES a incorpor\u00e9 le groupe GRESEPIA de l&rsquo;Universit\u00e9 Rovira i Virgili pour collaborer \u00e0 l&rsquo;\u00e9tude des niveaux protohistoriques, en particulier ceux document\u00e9s par Salvador Vilaseca dans la salle du Lac, que ce chercheur a appel\u00e9 salle P. La premi\u00e8re intervention dans le cadre du projet de recherche de l&rsquo;IPHES a \u00e9t\u00e9 r\u00e9alis\u00e9e entre le 14 octobre et le 8 novembre 2019, sous la direction technique de Josep Maria Verg\u00e8s Bosch et Carlos Tornero Dacasa. Au cours de cette campagne, deux criques ont \u00e9t\u00e9 r\u00e9alis\u00e9es, l&rsquo;une de 2 x 1 m\u00e8tres dans l&rsquo;acc\u00e8s de la grotte Vila, adjacente \u00e0 l&#8217;embouchure de la grotte Font Major, recouverte d&rsquo;une vo\u00fbte en briques, que nous appellerons S1, et une autre de 1 x 1 m\u00e8tres dans le coin de la zone de \u00ab\u00a0\u00a0\u00bbla rencontre\u00a0\u00bb\u00a0\u00bb, \u00e9galement dans la grotte Vila, o\u00f9 se trouvait auparavant la recr\u00e9ation d&rsquo;une fouille arch\u00e9ologique, appel\u00e9e S2. L&rsquo;anse S1 a \u00e9t\u00e9 agrandie par la suite pour atteindre une surface de 3 x 1,5 m\u00e8tres.<\/p>\n<p>Parall\u00e8lement, et dans le cadre du m\u00eame projet, une intervention a \u00e9t\u00e9 men\u00e9e dans la salle du Lac, du 21 au 31 octobre 2019, sous la direction d&rsquo;Ivan Cots Serret. La d\u00e9couverte fortuite, au cours de cette campagne, d&rsquo;un ensemble de gravures pal\u00e9olithiques dans la zone des gatoneras de cal Palletes, r\u00e9alis\u00e9es par Josep Maria Verg\u00e8s Bosch, a d\u00e9clench\u00e9 une s\u00e9rie de nouvelles interventions non pr\u00e9vues dans le projet initial.\u00a0\u00bb<\/p>\n<p>Ainsi, du 11 au 18 d\u00e9cembre 2019, des prospections ont \u00e9t\u00e9 men\u00e9es dans la grotte de la Font Major et dans la grotte du Ch\u00e2teau afin de d\u00e9terminer s&rsquo;il existait d&rsquo;autres zones avec des gravures pr\u00e9historiques \u00e0 prot\u00e9ger.<\/p>\n<p>En trois p\u00e9riodes, du 7 janvier au 28 f\u00e9vrier 2020, du 4 mars au 1er mai 2020, celle-ci interrompue par le confinement et les restrictions de mobilit\u00e9 d\u00e9riv\u00e9es de la pand\u00e9mie de Covid-19, et du 17 juin au 4 septembre 2020, la documentation et le catalogage des gravures situ\u00e9es dans les gatoneras des Palletes, et une anse dans la galerie la plus proche de la salle du Lac, visant \u00e0 documenter la stratigraphie et \u00e0 extraire des \u00e9chantillons pour la datation, ont \u00e9t\u00e9 r\u00e9alis\u00e9s. Josep Maria Verg\u00e8s Bosch \u00e9tait charg\u00e9 de la direction des prospections et de ces interventions.<\/p>\n<p>&nbsp;<\/p>\n<\/div>\n\n\n<\/div>\n\n \n        <\/div>        \n    <\/div>\n\n\n","protected":false},"excerpt":{"rendered":"","protected":false},"author":1,"featured_media":0,"parent":2590,"menu_order":75,"comment_status":"closed","ping_status":"closed","template":"layouts\/menu-lateral.php","meta":{"footnotes":""},"class_list":["post-2438","page","type-page","status-publish","hentry"],"acf":[],"_links":{"self":[{"href":"https:\/\/covesdelespluga.info\/fr\/wp-json\/wp\/v2\/pages\/2438"}],"collection":[{"href":"https:\/\/covesdelespluga.info\/fr\/wp-json\/wp\/v2\/pages"}],"about":[{"href":"https:\/\/covesdelespluga.info\/fr\/wp-json\/wp\/v2\/types\/page"}],"author":[{"embeddable":true,"href":"https:\/\/covesdelespluga.info\/fr\/wp-json\/wp\/v2\/users\/1"}],"replies":[{"embeddable":true,"href":"https:\/\/covesdelespluga.info\/fr\/wp-json\/wp\/v2\/comments?post=2438"}],"version-history":[{"count":3,"href":"https:\/\/covesdelespluga.info\/fr\/wp-json\/wp\/v2\/pages\/2438\/revisions"}],"predecessor-version":[{"id":2442,"href":"https:\/\/covesdelespluga.info\/fr\/wp-json\/wp\/v2\/pages\/2438\/revisions\/2442"}],"up":[{"embeddable":true,"href":"https:\/\/covesdelespluga.info\/fr\/wp-json\/wp\/v2\/pages\/2590"}],"wp:attachment":[{"href":"https:\/\/covesdelespluga.info\/fr\/wp-json\/wp\/v2\/media?parent=2438"}],"curies":[{"name":"wp","href":"https:\/\/api.w.org\/{rel}","templated":true}]}}