{"id":2426,"date":"2022-11-22T16:05:34","date_gmt":"2022-11-22T14:05:34","guid":{"rendered":"https:\/\/covesdelespluga.info\/el-redescobriment-de-la-cavitat-exploracions-espeleologiques\/"},"modified":"2024-08-05T13:46:23","modified_gmt":"2024-08-05T11:46:23","slug":"el-redescobriment-de-la-cavitat-exploracions-espeleologiques","status":"publish","type":"page","link":"https:\/\/covesdelespluga.info\/fr\/histoire\/el-redescobriment-de-la-cavitat-exploracions-espeleologiques\/","title":{"rendered":"La red\u00e9couverte de la grotte : explorations sp\u00e9l\u00e9ologiques"},"content":{"rendered":"<div class=\"full-bleed imatge-destacada  pb-4-desktop pb-4-tablet pb-4-mobile\"> \n    \n                <figure>\n                <img loading=\"lazy\" decoding=\"async\" width=\"1920\" height=\"600\" src=\"https:\/\/covesdelespluga.info\/wp-content\/uploads\/sites\/2\/2022\/12\/1a.exploracio-del-1956-aspect-ratio-1920-600.jpg\" class=\"attachment-full size-full\" alt=\"\" \/>            <\/figure>\n        \n    \n<\/div>\n\n\n\n\n    <div class=\"is-flex-tablet  mb-4-desktop mb-4-tablet mb-2-mobile   seccio\">\n        <div class=\"columns   is-multiline is-variable is-6 max-width--70 is-flex-grow-1  \">\n            \n\n<div class=\"column  is-8\" >\n      \n<div class=\"tinymce max-width--60  pb-4-desktop pb-4-tablet pb-2-mobile flow\">\n    <p>\u00c0 l&rsquo;\u00e9poque romaine, une partie de la grotte s&rsquo;est effondr\u00e9e, recouvrant et dissimulant l&rsquo;acc\u00e8s aux galeries de la grotte de Font Major pendant des si\u00e8cles. Au fil des g\u00e9n\u00e9rations, le souvenir de l&rsquo;existence de cette vaste grotte souterraine a \u00e9t\u00e9 oubli\u00e9, jusqu&rsquo;\u00e0 ce qu&rsquo;elle soit red\u00e9couverte par les habitants d&rsquo;Espluga au milieu du XIXe si\u00e8cle.<\/p>\n<p>La red\u00e9couverte de la grotte de Font Major eut lieu le 21 avril 1853, lorsque le forage d&rsquo;un puits dans une maison du village (le puits de Cal Palletes) tomba sur une galerie lat\u00e9rale menant \u00e0 la rivi\u00e8re souterraine. Une exp\u00e9dition improvis\u00e9e remonta une partie de la rivi\u00e8re souterraine et d\u00e9couvrit \u00e9galement les grandes galeries de l&rsquo;entr\u00e9e actuelle, qui avait \u00e9t\u00e9 obstru\u00e9e par la d\u00e9molition susmentionn\u00e9e et partiellement combl\u00e9e par les s\u00e9diments qui s&rsquo;\u00e9taient d\u00e9pos\u00e9s au cours des si\u00e8cles. Mais ce n&rsquo;est que le 28 ao\u00fbt 1956 que les membres du Centro Excursionista Pirenaico (Centre pyr\u00e9n\u00e9en de randonn\u00e9e) redescendirent par le m\u00eame puits et travers\u00e8rent une bonne partie des galeries jusqu&rsquo;\u00e0 un premier siphon qu&rsquo;ils n&rsquo;arriv\u00e8rent pas \u00e0 contourner.<\/p>\n<p>Un an plus tard, l&rsquo;entr\u00e9e actuelle est ouverte. \u00c0 partir de 1957, de nombreuses explorations ont tent\u00e9 de franchir le siphon, mais ce n&rsquo;est qu&rsquo;un jour d&rsquo;avril 1957 que Diego Ciuraneta, un sp\u00e9l\u00e9ologue de la Soci\u00e9t\u00e9 d&rsquo;exploration sous-marine de Tarragone, a r\u00e9ussi \u00e0 le franchir pour la premi\u00e8re fois. Plus tard, en 1965, deux sp\u00e9l\u00e9ologues de l&rsquo;\u00c9quipe de recherche sp\u00e9l\u00e9ologique (ERE) la franchissent \u00e0 nouveau et parcourent 300 m\u00e8tres de galeries totalement inond\u00e9es. En 1985, une \u00e9quipe de l&rsquo;ERE et de la CEC reprend l&rsquo;\u00e9tude du karst de Font Major.<\/p>\n<p>Le premier siphon est \u00e0 nouveau franchi et la rivi\u00e8re souterraine est parcourue \u00e0 travers des zones totalement inconnues, jusqu&rsquo;\u00e0 ce qu&rsquo;un deuxi\u00e8me siphon soit atteint, mais il n&rsquo;a toujours pas \u00e9t\u00e9 possible de le franchir. Dans le cadre de cette exp\u00e9dition, des lacs, des tunnels et plusieurs \u00e9tages de galeries fossilis\u00e9es ont \u00e9t\u00e9 soigneusement \u00e9tudi\u00e9s.<\/p>\n<\/div>\n\n\n<\/div>\n\n\n\n<div class=\"column  \" >\n      \n<div class=\"tinymce max-width--60  pb-4-desktop pb-4-tablet pb-2-mobile flow\">\n    <p class=\"highlighted-p-3\" align=\"left\">La red\u00e9couverte de la grotte de Font Major a eu lieu le 21 avril 1853.<\/p>\n<\/div>\n\n\n<\/div>\n\n \n        <\/div>        \n    <\/div>\n\n\n","protected":false},"excerpt":{"rendered":"","protected":false},"author":1,"featured_media":0,"parent":2590,"menu_order":70,"comment_status":"closed","ping_status":"closed","template":"layouts\/menu-lateral.php","meta":{"footnotes":""},"class_list":["post-2426","page","type-page","status-publish","hentry"],"acf":[],"_links":{"self":[{"href":"https:\/\/covesdelespluga.info\/fr\/wp-json\/wp\/v2\/pages\/2426"}],"collection":[{"href":"https:\/\/covesdelespluga.info\/fr\/wp-json\/wp\/v2\/pages"}],"about":[{"href":"https:\/\/covesdelespluga.info\/fr\/wp-json\/wp\/v2\/types\/page"}],"author":[{"embeddable":true,"href":"https:\/\/covesdelespluga.info\/fr\/wp-json\/wp\/v2\/users\/1"}],"replies":[{"embeddable":true,"href":"https:\/\/covesdelespluga.info\/fr\/wp-json\/wp\/v2\/comments?post=2426"}],"version-history":[{"count":2,"href":"https:\/\/covesdelespluga.info\/fr\/wp-json\/wp\/v2\/pages\/2426\/revisions"}],"predecessor-version":[{"id":2429,"href":"https:\/\/covesdelespluga.info\/fr\/wp-json\/wp\/v2\/pages\/2426\/revisions\/2429"}],"up":[{"embeddable":true,"href":"https:\/\/covesdelespluga.info\/fr\/wp-json\/wp\/v2\/pages\/2590"}],"wp:attachment":[{"href":"https:\/\/covesdelespluga.info\/fr\/wp-json\/wp\/v2\/media?parent=2426"}],"curies":[{"name":"wp","href":"https:\/\/api.w.org\/{rel}","templated":true}]}}