{"id":2414,"date":"2022-11-22T16:01:53","date_gmt":"2022-11-22T14:01:53","guid":{"rendered":"https:\/\/covesdelespluga.info\/formacio-geologica\/"},"modified":"2024-08-05T13:28:17","modified_gmt":"2024-08-05T11:28:17","slug":"formacio-geologica","status":"publish","type":"page","link":"https:\/\/covesdelespluga.info\/fr\/histoire\/formacio-geologica\/","title":{"rendered":"Formation g\u00e9ologique"},"content":{"rendered":"<div class=\"full-bleed imatge-destacada  pb-4-desktop pb-4-tablet pb-4-mobile\"> \n    \n                <figure>\n                <img loading=\"lazy\" decoding=\"async\" width=\"1920\" height=\"600\" src=\"https:\/\/covesdelespluga.info\/wp-content\/uploads\/sites\/2\/2022\/12\/Cova_sal-aigua2-scaled-aspect-ratio-1920-600.jpg\" class=\"attachment-full size-full\" alt=\"\" \/>            <\/figure>\n        \n    \n<\/div>\n\n\n\n\n    <div class=\"is-flex-tablet  mb-4-desktop mb-4-tablet mb-2-mobile   seccio\">\n        <div class=\"columns   is-multiline is-variable is-6 max-width--70 is-flex-grow-1  \">\n            \n\n<div class=\"column  \" >\n      \n<div class=\"tinymce max-width--60  pb-4-desktop pb-4-tablet pb-2-mobile flow\">\n    <p>Pour comprendre les origines et la formation g\u00e9ologique de la cavit\u00e9, il faut remonter 40 millions d&rsquo;ann\u00e9es en arri\u00e8re, lorsque les terres qui font aujourd&rsquo;hui partie de la Conca de Barber\u00e0 faisaient partie des fonds marins d&rsquo;une grande mer, o\u00f9 se d\u00e9posaient les galets arrondis des rivi\u00e8res et des ravins qui s&rsquo;y jetaient. Il y a 25 millions d&rsquo;ann\u00e9es, les eaux de cette mer ont \u00e9t\u00e9 d\u00e9plac\u00e9es et ont laiss\u00e9 place \u00e0 une vaste plaine mar\u00e9cageuse. Au fil du temps, cette zone mar\u00e9cageuse s&rsquo;est ass\u00e9ch\u00e9e et les blocs et s\u00e9diments qui faisaient partie de cet ancien fond marin se sont compact\u00e9s, se transformant en une roche solide et dure, que nous connaissons sous le nom de conglom\u00e9rat.<\/p>\n<p>Depuis l&rsquo;Antiquit\u00e9, l&rsquo;eau de pluie et la fonte des neiges des p\u00e9riodes glaciaires pass\u00e9es, ainsi que la pr\u00e9sence de la luxuriante for\u00eat de Poblet qui agit comme une \u00e9ponge, ont conf\u00e9r\u00e9 \u00e0 cette zone un important degr\u00e9 de r\u00e9tention d&rsquo;eau. La majeure partie de cette eau s&rsquo;\u00e9coule vers le Pla de la Conca, formant une s\u00e9rie de ruisseaux et de ravins tels que le Titllar, les Torners, les Fargues, la Pena et, surtout, le Castellfollit, qui recueille les eaux des pentes de l&rsquo;Argentada et du Tossal Rod\u00f3.<\/p>\n<p>La majeure partie de l&rsquo;eau collect\u00e9e et transport\u00e9e par tous ces ruisseaux et ravins converge vers la ch\u00eanaie de La Mata, une zone form\u00e9e de mat\u00e9riaux sablonneux ayant une grande capacit\u00e9 de filtration, qui agit comme un vaste champ de dolines par lesquelles l&rsquo;eau s&rsquo;infiltre \u00e0 l&rsquo;int\u00e9rieur de la terre. Cette circulation de l&rsquo;eau du m\u00e9tro a provoqu\u00e9 l&rsquo;usure des conglom\u00e9rats et l&rsquo;ouverture de diverses fissures ou fractures, ce qui a conduit \u00e0 la formation de tout un r\u00e9seau de conduits et de galeries \u00e0 travers lesquels une v\u00e9ritable rivi\u00e8re du m\u00e9tro a commenc\u00e9 \u00e0 couler.<\/p>\n<\/div>\n\n\n<\/div>\n\n \n        <\/div>        \n    <\/div>\n\n\n","protected":false},"excerpt":{"rendered":"","protected":false},"author":1,"featured_media":0,"parent":2590,"menu_order":66,"comment_status":"closed","ping_status":"closed","template":"layouts\/menu-lateral.php","meta":{"footnotes":""},"class_list":["post-2414","page","type-page","status-publish","hentry"],"acf":[],"_links":{"self":[{"href":"https:\/\/covesdelespluga.info\/fr\/wp-json\/wp\/v2\/pages\/2414"}],"collection":[{"href":"https:\/\/covesdelespluga.info\/fr\/wp-json\/wp\/v2\/pages"}],"about":[{"href":"https:\/\/covesdelespluga.info\/fr\/wp-json\/wp\/v2\/types\/page"}],"author":[{"embeddable":true,"href":"https:\/\/covesdelespluga.info\/fr\/wp-json\/wp\/v2\/users\/1"}],"replies":[{"embeddable":true,"href":"https:\/\/covesdelespluga.info\/fr\/wp-json\/wp\/v2\/comments?post=2414"}],"version-history":[{"count":2,"href":"https:\/\/covesdelespluga.info\/fr\/wp-json\/wp\/v2\/pages\/2414\/revisions"}],"predecessor-version":[{"id":2417,"href":"https:\/\/covesdelespluga.info\/fr\/wp-json\/wp\/v2\/pages\/2414\/revisions\/2417"}],"up":[{"embeddable":true,"href":"https:\/\/covesdelespluga.info\/fr\/wp-json\/wp\/v2\/pages\/2590"}],"wp:attachment":[{"href":"https:\/\/covesdelespluga.info\/fr\/wp-json\/wp\/v2\/media?parent=2414"}],"curies":[{"name":"wp","href":"https:\/\/api.w.org\/{rel}","templated":true}]}}