{"id":2306,"date":"2022-11-15T11:21:27","date_gmt":"2022-11-15T09:21:27","guid":{"rendered":"https:\/\/covesdelespluga.info\/presentacio\/"},"modified":"2024-08-05T13:04:58","modified_gmt":"2024-08-05T11:04:58","slug":"presentacio","status":"publish","type":"page","link":"https:\/\/covesdelespluga.info\/fr\/histoire\/presentacio\/","title":{"rendered":"Pr\u00e9sentation"},"content":{"rendered":"<div class=\"full-bleed imatge-destacada  pb-4-desktop pb-4-tablet pb-4-mobile\"> \n    \n                <figure>\n                <img loading=\"lazy\" decoding=\"async\" width=\"1920\" height=\"600\" src=\"https:\/\/covesdelespluga.info\/wp-content\/uploads\/sites\/2\/2022\/12\/DSC06162-scaled-aspect-ratio-1920-600.jpg\" class=\"attachment-full size-full\" alt=\"\" \/>            <\/figure>\n        \n    \n<\/div>\n\n\n\n\n    <div class=\"is-flex-tablet  mb-4-desktop mb-4-tablet mb-2-mobile   seccio\">\n        <div class=\"columns   is-multiline is-variable is-6 max-width--70 is-flex-grow-1  \">\n            \n\n<div class=\"column  is-8\" >\n      \n<div class=\"tinymce max-width--60  pb-4-desktop pb-4-tablet pb-2-mobile flow\">\n    <p>Les grottes de l&rsquo;Espluga constituent ce que nous connaissons aujourd&rsquo;hui comme deux cavit\u00e9s ou grottes distinctes (la Cueva de la Villa et la Cueva de la Font Major), bien qu&rsquo;\u00e0 l&rsquo;origine les deux galeries fassent partie d&rsquo;une seule et vaste cavit\u00e9 qui traverse le sous-sol de l&rsquo;actuel centre-ville de la commune. Les explorations sp\u00e9l\u00e9ologiques r\u00e9alis\u00e9es depuis 1956 ont permis d&rsquo;explorer et de relever topographiquement 3600 m\u00e8tres de galeries \u00e0 ce jour. Cela signifie que cette grotte a atteint la norme internationale de \u00ab\u00a0Grande Grotte\u00a0\u00bb et que ses dimensions en font la septi\u00e8me grotte la plus longue du monde, parmi toutes les grottes form\u00e9es dans des conglom\u00e9rats. Une grande partie de ces galeries est encore parcourue par un cours d&rsquo;eau souterrain qui s&rsquo;\u00e9coule par la Font Major, source de la rivi\u00e8re Francol\u00ed.<\/p>\n<p>La pr\u00e9sence de la grotte \u00e0 cet endroit est \u00e0 l&rsquo;origine du nom m\u00eame du village, puisque \u00ab\u00a0Espluga\u00a0\u00bb en latin signifie \u00ab\u00a0grotte\u00a0\u00bb et que c&rsquo;est sous ce nom que la commune est connue depuis le XIe si\u00e8cle. Cela semble indiquer que les origines les plus lointaines du village sont li\u00e9es \u00e0 l&rsquo;occupation humaine de la grotte. En tout cas, depuis la red\u00e9couverte de la grotte, plusieurs d\u00e9couvertes arch\u00e9ologiques ont \u00e9t\u00e9 faites qui attestent la pr\u00e9sence et la fr\u00e9quentation de l&rsquo;homme dans la grotte depuis le pal\u00e9olithique.<\/p>\n<\/div>\n\n\n<\/div>\n\n\n\n<div class=\"column  \" >\n      \n<div class=\"tinymce max-width--60  pb-4-desktop pb-4-tablet pb-2-mobile flow\">\n    <p class=\"highlighted-p-2\">\u00ab\u00a0Espluga\u00a0\u00bb signifie en latin \u00ab\u00a0grotte\u00a0\u00bb et c&rsquo;est sous ce nom que la commune est connue depuis le XIe si\u00e8cle.<\/p>\n<\/div>\n\n\n<\/div>\n\n \n        <\/div>        \n    <\/div>\n\n\n","protected":false},"excerpt":{"rendered":"","protected":false},"author":1,"featured_media":0,"parent":2590,"menu_order":62,"comment_status":"closed","ping_status":"closed","template":"layouts\/menu-lateral.php","meta":{"footnotes":""},"class_list":["post-2306","page","type-page","status-publish","hentry"],"acf":[],"_links":{"self":[{"href":"https:\/\/covesdelespluga.info\/fr\/wp-json\/wp\/v2\/pages\/2306"}],"collection":[{"href":"https:\/\/covesdelespluga.info\/fr\/wp-json\/wp\/v2\/pages"}],"about":[{"href":"https:\/\/covesdelespluga.info\/fr\/wp-json\/wp\/v2\/types\/page"}],"author":[{"embeddable":true,"href":"https:\/\/covesdelespluga.info\/fr\/wp-json\/wp\/v2\/users\/1"}],"replies":[{"embeddable":true,"href":"https:\/\/covesdelespluga.info\/fr\/wp-json\/wp\/v2\/comments?post=2306"}],"version-history":[{"count":2,"href":"https:\/\/covesdelespluga.info\/fr\/wp-json\/wp\/v2\/pages\/2306\/revisions"}],"predecessor-version":[{"id":2405,"href":"https:\/\/covesdelespluga.info\/fr\/wp-json\/wp\/v2\/pages\/2306\/revisions\/2405"}],"up":[{"embeddable":true,"href":"https:\/\/covesdelespluga.info\/fr\/wp-json\/wp\/v2\/pages\/2590"}],"wp:attachment":[{"href":"https:\/\/covesdelespluga.info\/fr\/wp-json\/wp\/v2\/media?parent=2306"}],"curies":[{"name":"wp","href":"https:\/\/api.w.org\/{rel}","templated":true}]}}