{"id":2512,"date":"2022-11-23T10:25:01","date_gmt":"2022-11-23T08:25:01","guid":{"rendered":"https:\/\/covesdelespluga.info\/historia\/cronologia-i-fets-destacats\/"},"modified":"2025-11-27T12:25:14","modified_gmt":"2025-11-27T10:25:14","slug":"cronologia-i-fets-destacats","status":"publish","type":"page","link":"https:\/\/covesdelespluga.info\/es\/historia\/cronologia-i-fets-destacats\/","title":{"rendered":"Cronologia i fets destacats"},"content":{"rendered":"\n    <div class=\"is-flex-tablet  mb-4-desktop mb-4-tablet mb-2-mobile   seccio\">\n        <div class=\"columns   is-multiline is-variable is-6 max-width--70 is-flex-grow-1  \">\n            \n\n<div class=\"column  \" >\n      \n<div class=\"columns\">\n    <div class=\"column\">\n        <div class=\"table-container\">\n                   <table class=\"table is-striped is-fullwidth\">\n                \n                                    <thead>\n                        <tr>\n                                                            <th>Dates<\/th>\n                                                            <th>Fets<\/th>\n                                                    <\/tr>\n                    <\/thead>\n                                <tbody>\n                                    <tr>\n                                                    <td data-label=\"Dates\">23 d&#8217; abril de 1853<\/td>\n                                                    <td data-label=\"Fets\">Descobriment de la Cova de la Font Major<\/td>\n                                            <\/tr>\n                                    <tr>\n                                                    <td data-label=\"Dates\">25 d&#8217; agost de 1956<\/td>\n                                                    <td data-label=\"Fets\">Primera exploraci\u00f3 espeleol\u00f2gica de la Cova de la Font Major<\/td>\n                                            <\/tr>\n                                    <tr>\n                                                    <td data-label=\"Dates\">17 de gener de 1957<\/td>\n                                                    <td data-label=\"Fets\">Extracci\u00f3 de sediments de la Cova de la Font Major i obertura de l\u2019entrada actual<\/td>\n                                            <\/tr>\n                                    <tr>\n                                                    <td data-label=\"Dates\">Abril de 1957<\/td>\n                                                    <td data-label=\"Fets\">Trasp\u00e0s del 1r Sif\u00f3 per Diego Ciuraneta i Franch<\/td>\n                                            <\/tr>\n                                    <tr>\n                                                    <td data-label=\"Dates\">1957<\/td>\n                                                    <td data-label=\"Fets\">Troballes de bronze dins la Cova de la Font Major<\/td>\n                                            <\/tr>\n                                    <tr>\n                                                    <td data-label=\"Dates\">1961 &#8211; 1962<\/td>\n                                                    <td data-label=\"Fets\">Estudi arqueol\u00f2gic del jaciment per Salvador Vilaseca<\/td>\n                                            <\/tr>\n                                    <tr>\n                                                    <td data-label=\"Dates\">1967<\/td>\n                                                    <td data-label=\"Fets\">Els primers 200 m. Pessebre vivent durant 10 anys<\/td>\n                                            <\/tr>\n                                    <tr>\n                                                    <td data-label=\"Dates\">Finals 1985<\/td>\n                                                    <td data-label=\"Fets\">La cova ja t\u00e9 un total de 2.700 m. de galeries<\/td>\n                                            <\/tr>\n                                    <tr>\n                                                    <td data-label=\"Dates\">Setembre \u2013 octubre 1986<\/td>\n                                                    <td data-label=\"Fets\">Construcci\u00f3 presa del 1r sif\u00f3 per extreure\u2019n l\u2019aigua pel poble<\/td>\n                                            <\/tr>\n                                    <tr>\n                                                    <td data-label=\"Dates\">Setembre 1990<\/td>\n                                                    <td data-label=\"Fets\">3.590 m de galeries descoberts a la Cova de la Font Major<\/td>\n                                            <\/tr>\n                                    <tr>\n                                                    <td data-label=\"Dates\">1993<\/td>\n                                                    <td data-label=\"Fets\">Trobades un conjunt de restes faun\u00edstiques dins la Cova de la Font Major<\/td>\n                                            <\/tr>\n                                    <tr>\n                                                    <td data-label=\"Dates\">28 de gener de 1994<\/td>\n                                                    <td data-label=\"Fets\">Inauguraci\u00f3 de la Cova de la Font Major com a Museu. Treballs i iniciatives del Centre d\u2019Estudis Locals<\/td>\n                                            <\/tr>\n                                    <tr>\n                                                    <td data-label=\"Dates\">Estiu 1994<\/td>\n                                                    <td data-label=\"Fets\">Ruta aventura. Ruta d\u2019espeleologia<\/td>\n                                            <\/tr>\n                                    <tr>\n                                                    <td data-label=\"Dates\">10 d&#8217; octubre de 1994<\/td>\n                                                    <td data-label=\"Fets\">Aiguat de St. Tom\u00e0s. La Cova de la Font Major inundada<\/td>\n                                            <\/tr>\n                                    <tr>\n                                                    <td data-label=\"Dates\">Curs escolar 1996\/97<\/td>\n                                                    <td data-label=\"Fets\">Inauguraci\u00f3 de la Cova Castell com a aula-taller de Prehist\u00f2ria per a les escoles d\u2019infantil i prim\u00e0ria<\/td>\n                                            <\/tr>\n                                    <tr>\n                                                    <td data-label=\"Dates\">Curs 1998\/99<\/td>\n                                                    <td data-label=\"Fets\">Inauguraci\u00f3 dels tallers d\u2019excavaci\u00f3 per als centres d\u2019ensenyament de secund\u00e0ria<\/td>\n                                            <\/tr>\n                                    <tr>\n                                                    <td data-label=\"Dates\">1 de juliol de 2000<\/td>\n                                                    <td data-label=\"Fets\">Inauguraci\u00f3 Cova de la Vila com a museu<\/td>\n                                            <\/tr>\n                                    <tr>\n                                                    <td data-label=\"Dates\">Febrer de 2003<\/td>\n                                                    <td data-label=\"Fets\">Col\u00b7locaci\u00f3 del Mon\u00f2lit de la Cova<\/td>\n                                            <\/tr>\n                                    <tr>\n                                                    <td data-label=\"Dates\">Estiu 2005<\/td>\n                                                    <td data-label=\"Fets\">Inscorporaci\u00f3 servei d\u2019audioguies en diferents idiomes<\/td>\n                                            <\/tr>\n                                    <tr>\n                                                    <td data-label=\"Dates\">Gener de 2010<\/td>\n                                                    <td data-label=\"Fets\">Inauguraci\u00f3 de la nova recepci\u00f3 de les Coves<\/td>\n                                            <\/tr>\n                                    <tr>\n                                                    <td data-label=\"Dates\">Juny de 2012<\/td>\n                                                    <td data-label=\"Fets\">Inauguraci\u00f3 de la nova museografia de les Coves de l\u2019Espluga i el conjunt de cabanes neol\u00edtiques. Connexi\u00f3 de les dues cavitats<\/td>\n                                            <\/tr>\n                                    <tr>\n                                                    <td data-label=\"Dates\">Maig de 2013<\/td>\n                                                    <td data-label=\"Fets\">Visitant 1.000.000. Escola Joan Marqu\u00e8s Casals de Terrassa<\/td>\n                                            <\/tr>\n                                    <tr>\n                                                    <td data-label=\"Dates\">2018<\/td>\n                                                    <td data-label=\"Fets\">S\u2019incorpora el jaciment al projecte de recerca de l\u2019IPHES \u201cEvoluci\u00f3 paleoambiental i poblament prehist\u00f2ric a les conques dels rius Francol\u00ed, Gai\u00e0, Siurana i rieres del Camp de Tarragona (2018 \u2013 2021)<\/td>\n                                            <\/tr>\n                                    <tr>\n                                                    <td data-label=\"Dates\">30 d\u2019octubre del 2019<\/td>\n                                                    <td data-label=\"Fets\">Descobriment dels gravats paleol\u00edtics a les galeries del Palletes a la Cova de la Font Major<\/td>\n                                            <\/tr>\n                                <\/tbody>\n            <\/table>\n                <\/div>\n    <\/div>\n<\/div>\n<\/div>\n\n \n        <\/div>        \n    <\/div>\n\n\n","protected":false},"excerpt":{"rendered":"","protected":false},"author":1,"featured_media":0,"parent":2389,"menu_order":102,"comment_status":"closed","ping_status":"closed","template":"layouts\/menu-lateral.php","meta":{"footnotes":""},"class_list":["post-2512","page","type-page","status-publish","hentry"],"acf":[],"_links":{"self":[{"href":"https:\/\/covesdelespluga.info\/es\/wp-json\/wp\/v2\/pages\/2512"}],"collection":[{"href":"https:\/\/covesdelespluga.info\/es\/wp-json\/wp\/v2\/pages"}],"about":[{"href":"https:\/\/covesdelespluga.info\/es\/wp-json\/wp\/v2\/types\/page"}],"author":[{"embeddable":true,"href":"https:\/\/covesdelespluga.info\/es\/wp-json\/wp\/v2\/users\/1"}],"replies":[{"embeddable":true,"href":"https:\/\/covesdelespluga.info\/es\/wp-json\/wp\/v2\/comments?post=2512"}],"version-history":[{"count":4,"href":"https:\/\/covesdelespluga.info\/es\/wp-json\/wp\/v2\/pages\/2512\/revisions"}],"predecessor-version":[{"id":3179,"href":"https:\/\/covesdelespluga.info\/es\/wp-json\/wp\/v2\/pages\/2512\/revisions\/3179"}],"up":[{"embeddable":true,"href":"https:\/\/covesdelespluga.info\/es\/wp-json\/wp\/v2\/pages\/2389"}],"wp:attachment":[{"href":"https:\/\/covesdelespluga.info\/es\/wp-json\/wp\/v2\/media?parent=2512"}],"curies":[{"name":"wp","href":"https:\/\/api.w.org\/{rel}","templated":true}]}}