{"id":2498,"date":"2022-11-23T10:10:23","date_gmt":"2022-11-23T08:10:23","guid":{"rendered":"https:\/\/covesdelespluga.info\/historia\/segle-xx\/"},"modified":"2024-08-06T10:45:34","modified_gmt":"2024-08-06T08:45:34","slug":"segle-xx","status":"publish","type":"page","link":"https:\/\/covesdelespluga.info\/es\/historia\/segle-xx\/","title":{"rendered":"Siglo XX"},"content":{"rendered":"<div class=\"full-bleed imatge-destacada  pb-4-desktop pb-4-tablet pb-4-mobile\"> \n    \n                <figure>\n                <img loading=\"lazy\" decoding=\"async\" width=\"1920\" height=\"600\" src=\"https:\/\/covesdelespluga.info\/wp-content\/uploads\/sites\/2\/2022\/12\/Champinyons-aspect-ratio-1920-600.jpg\" class=\"attachment-full size-full\" alt=\"\" \/>            <\/figure>\n        \n    \n<\/div>\n\n\n\n\n    <div class=\"is-flex-tablet  mb-4-desktop mb-4-tablet mb-2-mobile   seccio\">\n        <div class=\"columns   is-multiline is-variable is-6 max-width--70 is-flex-grow-1  \">\n            \n\n<div class=\"column  \" >\n      \n<div class=\"tinymce max-width--60  pb-4-desktop pb-4-tablet pb-2-mobile flow\">\n    <p>CAVA FRANCOL\u00cd<\/p>\n<p>En 1921 tres socios aportaban veinte duros (60 c\u00e9ntimos de euro) de capital cada uno para empezar a producir cava en Espluga. Se trataba de Josep Cabeza, Salvador Porta y Bernat y Agust\u00ed Roig y Domingo. Aunque la marca no estar\u00eda plenamente registrada hasta el a\u00f1o 1924, en 1921 se pon\u00eda a la venta el cava Francol\u00ed. Se aprovech\u00f3 la cueva del Quicall, en la Font Major, para convertirla en la bodega donde se llevaba a cabo el proceso, que segu\u00eda el m\u00e9thode champenoise. En la Exposici\u00f3n Universal de Barcelona de 1929 tuvo un reconocimiento en forma de medalla. Al iniciarse la guerra de 1936-1939 el hombre fuerte de la empresa, Agust\u00ed Roig, fue asesinado. Al dejarse de hacer el cava, el embotellador Gili de reus adquiri\u00f3 la marca para poder disfrutar de un mayor suministro de az\u00facar en una \u00e9poca de carest\u00eda. En diciembre de 1998, una vez rescatada la marca, la Cooperativa Agr\u00edcola de l&#8217;Espluga pon\u00eda a la venta de nuevo un cava con la denominaci\u00f3n hist\u00f3rica Francol\u00ed.<\/p>\n<p>PULVERINO<\/p>\n<p>En la Cueva del Quicall (Cova de la Vila) se habilit\u00f3 un dep\u00f3sito de municiones. Este polvor\u00edn suministraba a las agrupaciones de artiller\u00eda en los frentes del Segre y Ebre durante la batalla del Ebro. La Cova del Castell se adapt\u00f3 como refugio, junto con el corral del Potreta, el de la pl. De la Iglesia y en la Pedrera. El d\u00eda 1 de enero de 1939, a las 9:00h, siete aviones del ej\u00e9rcito nazi bombardearon la Espluga de Francol\u00ed, provocando 7 muertos y 22 heridos. El 8 de enero ante el avance de las tropas franquistas que se encontraban en Vilanova de Prades, y la imposibilidad de retirar la munici\u00f3n por falta de medios de transporte, se da la orden de volar el polvor\u00edn. Hab\u00eda proyectiles de artiller\u00eda y de mortero, un gran n\u00famero de cajas de balas de fusil, y cajas de granadas de mano. La explosi\u00f3n reson\u00f3 por toda la Conca de Barber\u00e0 y caus\u00f3 da\u00f1os en los edificios cercanos. Quedaron destruidos 54 edificios entre casas, corrales y almacenes y otros muchos edificios del pueblo resultaron afectados.<\/p>\n<p>CHAMPIGNONES DE PAR\u00cdS \u201cCHAMPI\u201d<\/p>\n<p>En el mismo lugar donde antes de la guerra de 1936-1939 se hab\u00eda producido el Cava Francol\u00ed, en la cueva del Quicall, el empresario Francisco Pedro Verny inici\u00f3 el cultivo de champi\u00f1ones, que despu\u00e9s se vend\u00edan en fresco y en conserva.<\/p>\n<p>PESEBRE VIVIENTE<\/p>\n<p>En 1967 el Bel\u00e9n Viviente de l&#8217;Espluga se representa en el interior de la Cueva de la Font Major. Durante una d\u00e9cada se recibieron unos 5.000 visitantes por edici\u00f3n, siendo la de 1977 la \u00faltima representaci\u00f3n por carencia de apoyo econ\u00f3mico.<\/p>\n<\/div>\n\n\n\n                \n\n    <div class=\"imatge max-width--60  \">\n\n        <div class=\"image \">\n            <figure class=\"image is-inline-block \">\n                                    <img loading=\"lazy\" decoding=\"async\" width=\"2048\" height=\"1434\" src=\"https:\/\/covesdelespluga.info\/wp-content\/uploads\/sites\/2\/2023\/02\/diverses-10.webp\" class=\"\" alt=\"\" \/>                            <\/figure>\n        <\/div>\n    <\/div>\n\n\n\n\n<div class=\"tinymce max-width--60  pb-4-desktop pb-4-tablet pb-2-mobile flow\">\n    <p style=\"text-align: right\">El Bel\u00e9n Viviente en la cueva inclu\u00eda escenas de folccore catal\u00e1n. (Foto: Fernando Mart\u00ed)<\/p>\n<\/div>\n\n\n<\/div>\n\n \n        <\/div>        \n    <\/div>\n\n\n","protected":false},"excerpt":{"rendered":"","protected":false},"author":1,"featured_media":0,"parent":2389,"menu_order":98,"comment_status":"closed","ping_status":"closed","template":"layouts\/menu-lateral.php","meta":{"footnotes":""},"class_list":["post-2498","page","type-page","status-publish","hentry"],"acf":[],"_links":{"self":[{"href":"https:\/\/covesdelespluga.info\/es\/wp-json\/wp\/v2\/pages\/2498"}],"collection":[{"href":"https:\/\/covesdelespluga.info\/es\/wp-json\/wp\/v2\/pages"}],"about":[{"href":"https:\/\/covesdelespluga.info\/es\/wp-json\/wp\/v2\/types\/page"}],"author":[{"embeddable":true,"href":"https:\/\/covesdelespluga.info\/es\/wp-json\/wp\/v2\/users\/1"}],"replies":[{"embeddable":true,"href":"https:\/\/covesdelespluga.info\/es\/wp-json\/wp\/v2\/comments?post=2498"}],"version-history":[{"count":3,"href":"https:\/\/covesdelespluga.info\/es\/wp-json\/wp\/v2\/pages\/2498\/revisions"}],"predecessor-version":[{"id":2503,"href":"https:\/\/covesdelespluga.info\/es\/wp-json\/wp\/v2\/pages\/2498\/revisions\/2503"}],"up":[{"embeddable":true,"href":"https:\/\/covesdelespluga.info\/es\/wp-json\/wp\/v2\/pages\/2389"}],"wp:attachment":[{"href":"https:\/\/covesdelespluga.info\/es\/wp-json\/wp\/v2\/media?parent=2498"}],"curies":[{"name":"wp","href":"https:\/\/api.w.org\/{rel}","templated":true}]}}