{"id":2430,"date":"2022-11-22T16:41:33","date_gmt":"2022-11-22T14:41:33","guid":{"rendered":"https:\/\/covesdelespluga.info\/historia\/historia-de-les-excavacions\/"},"modified":"2024-08-05T13:55:11","modified_gmt":"2024-08-05T11:55:11","slug":"historia-de-les-excavacions","status":"publish","type":"page","link":"https:\/\/covesdelespluga.info\/es\/historia\/historia-de-les-excavacions\/","title":{"rendered":"Historia de las excavaciones"},"content":{"rendered":"<div class=\"full-bleed imatge-destacada  pb-4-desktop pb-4-tablet pb-4-mobile\"> \n    \n                <figure>\n                <img loading=\"lazy\" decoding=\"async\" width=\"1920\" height=\"600\" src=\"https:\/\/covesdelespluga.info\/wp-content\/uploads\/sites\/2\/2022\/12\/IMG_1536-scaled-aspect-ratio-1920-600.jpg\" class=\"attachment-full size-full\" alt=\"\" \/>            <\/figure>\n        \n    \n<\/div>\n\n\n\n\n    <div class=\"is-flex-tablet  mb-4-desktop mb-4-tablet mb-2-mobile   seccio\">\n        <div class=\"columns   is-multiline is-variable is-6 max-width--70 is-flex-grow-1  \">\n            \n\n<div class=\"column  \" >\n      \n<div class=\"tinymce max-width--60  pb-4-desktop pb-4-tablet pb-2-mobile flow\">\n    <p>Los accesos o entradas naturales de las Cuevas de l&#8217;Espluga se ubican en el Barrio de la Font Major, una zona situada en el sector noroeste del municipio de l&#8217;Espluga, en la que se conocen datos y vestigios que abarcan un amplio espectro cronol\u00f3gico. En este sentido, debemos destacar que, en funci\u00f3n de las m\u00faltiples evidencias documentadas, las Cuevas de l&#8217;Espluga habr\u00edan sido ocupadas y\/o frecuentadas de forma ininterrumpida desde el Paleol\u00edtico Medio hasta la actualidad.<\/p>\n<p>En la cueva de la Font Major, debemos destacar esencialmente las intervenciones arqueol\u00f3gicas efectuadas por parte de Salvador Vilaseca en la d\u00e9cada de 1960. La Cueva de la Font Major, inmediatamente despu\u00e9s de su descubrimiento en 1957, sufri\u00f3 una serie de agresiones que la estropearon irreversiblemente como yacimiento arqueol\u00f3gico. Sin embargo, Salvador Vilaseca, en puntuales intervenciones llevadas a cabo en los a\u00f1os 60, recupera una parte del registro arqueol\u00f3gico, lo que sirvi\u00f3 para poner en evidencia la importancia de este yacimiento en relaci\u00f3n con diversos usos u ocupaciones:<\/p>\n<ul>\n<li>Por un lado, el yacimiento documentado en la Sala del Lago (Sala P), que incluye materiales cer\u00e1micos datables en el bronce final-primer hierro y en el per\u00edodo ib\u00e9rico. Unos hallazgos que responden seguramente a la pr\u00e1ctica de actividades rituales relacionadas con las aguas y el nacimiento del r\u00edo subterr\u00e1neo.<\/li>\n<li>La localizaci\u00f3n de un escondite de objetos de bronce localizado en el lado E-SE de la Sala de la Mamella, a unos 50 m. de la entrada.<\/li>\n<li>La excavaci\u00f3n de los testigos residuales que quedaron enganchados a las paredes de la cueva (E-SE y O-NO) tras el vaciado sistem\u00e1tico e incontrolado de los sedimentos de la entrada de la cueva, que entregaron m\u00faltiples restos de \u00e9poca neol\u00edtica.<\/li>\n<\/ul>\n<\/div>\n\n\n\n<div class=\"tinymce max-width--60  pb-4-desktop pb-4-tablet pb-2-mobile flow\">\n    <p>Por otro lado, hay que tener tambi\u00e9n en cuenta que en 1993, en el marco de los trabajos de acondicionamiento de la cavidad relacionados con la musealizaci\u00f3n de la misma, a unos cien metros de la entrada de la cavidad, aparecieron restos de fauna pertenecientes a las especies Dicerorhinus mercki, Equus caballus, Crocuta spelea y Cervus elaphus (tres piezas dentarias de rinoceronte, piezas dentarias de caballo, dos piezas dentarias de hiena, varias piezas dentarias y fragmentos de cuerno de ciervo). Esta asociaci\u00f3n faun\u00edstica se atribuy\u00f3 cronol\u00f3gicamente al Pleistoceno medio o inicios del Pleistoceno superior. Tambi\u00e9n se recogieron restos de cuarzo, que se interpretaron como una posible aportaci\u00f3n antr\u00f3pica (Genera 1995).<\/p>\n<p>En cuanto a la Cueva de la Vila, lo cierto es que a nivel arqueol\u00f3gico conocemos algunos datos referentes al per\u00edodo medieval. De hecho, en las excavaciones efectuadas en 1999 en el interior de la Cueva de la Villa, se document\u00f3 la existencia de un muro medieval asociado a un pavimento de cal ya una chimenea que confirman el uso de la cueva como espacio dom\u00e9stico. Entre el conjunto de materiales recuperados en los niveles de uso asociados al pavimento en cuesti\u00f3n, destaca el hallazgo de una hebilla de cintur\u00f3n datable en los siglos XIII-XIV. Adem\u00e1s, en el caso de la Cueva de la Vila, se observa tambi\u00e9n la presencia de muros de cierre en las dos entradas, unos paramentos que por su tipolog\u00eda parecen construidos claramente en \u00e9poca medieval; por un lado, una gruesa pared adosada a la entrada principal, y por otro, dos muros de cierre que se conservan en la entrada norte. Por tanto, todo parece indicar que la Cueva de la Villa, habr\u00eda sido utilizado como lugar de cobijo y refugio durante el per\u00edodo visig\u00f3tico, musulm\u00e1n y probablemente tambi\u00e9n durante la etapa de repoblaci\u00f3n de la zona durante los siglos XI-XII.<\/p>\n<p>Por otra parte, hay que tener en cuenta que todo el \u00e1rea que se extiende desde el cauce del r\u00edo Milans-Francol\u00ed hasta la zona ocupada actualmente por las C\/ Almendros, C\/ Castell, C\/ Bellavista, C\/ Templaris y C\/ Capuig, es una de las que ha proporcionado m\u00e1s datos referentes a la ocupaci\u00f3n de \u00e9poca tardo-antigua y medieval. De hecho, el propio nombre de Spelunca, que los repobladores identificaron con el lugar a partir de mediados del siglo XI, parece revelar el tipo de poblaci\u00f3n existente durante la alta edad media justo en esta zona. En este sentido, se ha planteado que el conjunto de grutas existentes bajo los riscos del castillo (calle dels Ametllers), la desaparecida cueva de Els Escanyats, as\u00ed como la propia Cueva de la Vila, se hubieran convertido en espacios reocupados como lugares de h\u00e1bitat en la etapa previa a la reconquista (Carreras 2002).<\/p>\n<p>En 2011, bajo la direcci\u00f3n de Marta Fontanals Torroja (URV-IPHES) se realiz\u00f3 una intervenci\u00f3n arqueol\u00f3gica preventiva en la que se excav\u00f3 parte del dep\u00f3sito sedimentario existente entre la boca de la cueva de la Font Major y la boca anexa de la cueva de la Villa. El motivo fue la creaci\u00f3n de un paso para conectar las dos cavidades, aisladas de antiguo por un derrumbe y la posterior acumulaci\u00f3n de sedimentos. . Se excavaron casi dos metros de potencia del dep\u00f3sito sedimentario, destacando la aparici\u00f3n de niveles del neol\u00edtico antiguo con abundantes restos faun\u00edsticos y de cultura material, y de un nivel de base con industria l\u00edtica que, con dudas, pod\u00eda atribuirse al paleol\u00edtico superior<\/p>\n<p>La constataci\u00f3n de que, como m\u00ednimo, en la zona de la boca de la cueva de la Font Major se conservaba una parte del dep\u00f3sito sedimentario con restos de ocupaciones neol\u00edticas y, posiblemente, del paleol\u00edtico superior hizo que desde el IPHES se recuperara el inter\u00e9s por el yacimiento. As\u00ed, en 2018, y como consecuencia de las excelentes perspectivas en la identificaci\u00f3n de pr\u00e1cticas ganaderas prehist\u00f3ricas, que ofrec\u00edan los primeros an\u00e1lisis de is\u00f3topos estables realizados sobre muestras de fauna dom\u00e9stica procedentes de los niveles del neol\u00edtico antiguo excavados en 2011, se decidi\u00f3 incorporar el yacimiento al proyecto de investigaci\u00f3n del IPHES \u201cEvoluci\u00f3n paleoambiental y poblamiento prehist\u00f3rico en las cuencas de los r\u00edos Francol\u00ed, Gai\u00e0, Siurana y rieras del Camp de Tarragona (2018-2021)\u201d. Este proyecto forma parte de los proyectos de investigaci\u00f3n cuatrienales en materia de arqueolog\u00eda del Departamento de Cultura de la Generalidad de Catalu\u00f1a, y es el investigador principal Josep Maria Verg\u00e8s Bosch. En el marco de este proyecto, el IPHES incorpor\u00f3 el grupo GRESEPIA de la Universidad Rovira i Virgili para colaborar en el estudio de los niveles protohist\u00f3ricos, especialmente los documentados por Salvador Vilaseca en la sala del Lago, la que este investigador llamaba Sala P. La primera intervenci\u00f3n en el marco del proyecto de investigaci\u00f3n del IPHES se llev\u00f3 a cabo entre el 14 de octubre y el 8 de noviembre de 2019, bajo la direcci\u00f3n t\u00e9cnica de Josep Maria Verg\u00e8s Bosch y Carlos Tornero Dacasa. Durante esta campa\u00f1a se realizaron dos calas, una de 2 x 1 metros en el acceso de la cueva de la Vila, contiguo a la boca de la cueva de la Font Major, cubierto con una b\u00f3veda de ladrillos, a la que llamaremos S1, y otra de 1 x 1 metros en la esquina de la zona de \u201cel encuentro\u201d, tambi\u00e9n en la cueva de la Vila, donde antiguamente estaba la recreaci\u00f3n de una excavaci\u00f3n arqueol\u00f3gica, llamada S2. La cala S1 se ampli\u00f3 posteriormente hasta alcanzar una superficie de 3 x 1,5 metros.<\/p>\n<p>En paralelo, y en el marco del mismo proyecto se realiz\u00f3 una intervenci\u00f3n en la sala del Lago, del 21 al 31 de octubre de 2019 bajo la direcci\u00f3n de Ivan Cots Serret. El descubrimiento fortuito, en el transcurso de esta la campa\u00f1a, de un conjunto de grabados paleol\u00edticos en la zona de las gatoneras de cal Palletes, realizada por Josep Maria Verg\u00e8s Bosch, desat\u00f3 una serie de nuevas intervenciones no previstas en el proyecto inicial.<\/p>\n<p>As\u00ed, del 11 al 18 de diciembre de 2019 se realizaron prospecciones en la cueva de la Font Major y en la cueva del Castillo encaminadas a contrastar si exist\u00edan otras zonas con grabados prehist\u00f3ricos, que fuera necesario proteger.<\/p>\n<p>En tres per\u00edodos, del 7 de enero al 28 de febrero de 2020, del 4 de marzo al 1 de mayo de 2020, este interrumpido por el confinamiento y restricciones de movilidad derivadas de la pandemia de la Covid-19, y del 17 de junio al 4 de septiembre de 2020, se realiz\u00f3 la documentaci\u00f3n y catalogaci\u00f3n de los grabados localizados en las gatoneras del Palletes, y una cala en la galer\u00eda m\u00e1s cercana a la sala del Lago, destinada a documentar la estratigraf\u00eda y extraer muestras por dataciones. La direcci\u00f3n de las prospecciones y de estas intervenciones corri\u00f3 a cargo de Josep Maria Verg\u00e8s Bosch<\/p>\n<p>&nbsp;<\/p>\n<\/div>\n\n\n<\/div>\n\n \n        <\/div>        \n    <\/div>\n\n\n","protected":false},"excerpt":{"rendered":"","protected":false},"author":1,"featured_media":0,"parent":2389,"menu_order":75,"comment_status":"closed","ping_status":"closed","template":"layouts\/menu-lateral.php","meta":{"footnotes":""},"class_list":["post-2430","page","type-page","status-publish","hentry"],"acf":[],"_links":{"self":[{"href":"https:\/\/covesdelespluga.info\/es\/wp-json\/wp\/v2\/pages\/2430"}],"collection":[{"href":"https:\/\/covesdelespluga.info\/es\/wp-json\/wp\/v2\/pages"}],"about":[{"href":"https:\/\/covesdelespluga.info\/es\/wp-json\/wp\/v2\/types\/page"}],"author":[{"embeddable":true,"href":"https:\/\/covesdelespluga.info\/es\/wp-json\/wp\/v2\/users\/1"}],"replies":[{"embeddable":true,"href":"https:\/\/covesdelespluga.info\/es\/wp-json\/wp\/v2\/comments?post=2430"}],"version-history":[{"count":2,"href":"https:\/\/covesdelespluga.info\/es\/wp-json\/wp\/v2\/pages\/2430\/revisions"}],"predecessor-version":[{"id":2433,"href":"https:\/\/covesdelespluga.info\/es\/wp-json\/wp\/v2\/pages\/2430\/revisions\/2433"}],"up":[{"embeddable":true,"href":"https:\/\/covesdelespluga.info\/es\/wp-json\/wp\/v2\/pages\/2389"}],"wp:attachment":[{"href":"https:\/\/covesdelespluga.info\/es\/wp-json\/wp\/v2\/media?parent=2430"}],"curies":[{"name":"wp","href":"https:\/\/api.w.org\/{rel}","templated":true}]}}