{"id":2406,"date":"2022-11-22T16:01:53","date_gmt":"2022-11-22T14:01:53","guid":{"rendered":"https:\/\/covesdelespluga.info\/historia\/formacio-geologica\/"},"modified":"2024-08-05T13:19:29","modified_gmt":"2024-08-05T11:19:29","slug":"formacio-geologica","status":"publish","type":"page","link":"https:\/\/covesdelespluga.info\/es\/historia\/formacio-geologica\/","title":{"rendered":"Formaci\u00f3n Geol\u00f3gica"},"content":{"rendered":"<div class=\"full-bleed imatge-destacada  pb-4-desktop pb-4-tablet pb-4-mobile\"> \n    \n                <figure>\n                <img loading=\"lazy\" decoding=\"async\" width=\"1920\" height=\"600\" src=\"https:\/\/covesdelespluga.info\/wp-content\/uploads\/sites\/2\/2022\/12\/Cova_sal-aigua2-scaled-aspect-ratio-1920-600.jpg\" class=\"attachment-full size-full\" alt=\"\" \/>            <\/figure>\n        \n    \n<\/div>\n\n\n\n\n    <div class=\"is-flex-tablet  mb-4-desktop mb-4-tablet mb-2-mobile   seccio\">\n        <div class=\"columns   is-multiline is-variable is-6 max-width--70 is-flex-grow-1  \">\n            \n\n<div class=\"column  \" >\n      \n<div class=\"tinymce max-width--60  pb-4-desktop pb-4-tablet pb-2-mobile flow\">\n    <p>Para entender los or\u00edgenes y la formaci\u00f3n geol\u00f3gica de la cavidad, debemos remontarnos 40 millones de a\u00f1os atr\u00e1s, momento en que las tierras que hoy forman parte de la Conca de Barber\u00e0, eran parte del fondo marino de un gran mar, en el cual se iban depositando los guijarros redondeados provenientes de los r\u00edos y barrancos que desembocaban. Hace 25 millones de a\u00f1os, las aguas de este mar se desplazaron y en su lugar qued\u00f3 un extenso espacio de llanura pantanosa. Con el tiempo esta zona pantanosa se sec\u00f3 y los cantos rodados y sedimentos que hab\u00edan formado parte de aquel antiguo fondo marino se compactaron, convirti\u00e9ndose en una roca s\u00f3lida y dura, que conocemos como conglomerado.<\/p>\n<p>Desde tiempos remotos, las aguas de las lluvias y los deshielos de las nieves ca\u00eddas en pasadas \u00e9pocas glaciares, as\u00ed como la presencia del frondoso Bosque de Poblet que act\u00faa a modo de esponja, han conferido en esta \u00e1rea un grado importante de retenci\u00f3n h\u00eddrica . La mayor parte de estas aguas se precipitan hacia el Pla de la Conca, formando un conjunto de arroyos y barrancos como el del Titllar, los Torners, las Fargues, la Pena y, principalmente, el de Castellfollit que re\u00fane las aguas de las laderas de la Argentada y del Tossal Rod\u00f3.<\/p>\n<p>La mayor parte del agua que recogen y transportan todos estos arroyos y barrancos confluye en el encinar de la Mata, un \u00e1rea que est\u00e1 formada por materiales arenosos y de gran capacidad de filtraci\u00f3n, que act\u00faa como un gran campo de dolinas o tapujos por donde se filtran las aguas hacia el interior de la tierra. Esta circulaci\u00f3n de aguas subterr\u00e1neas provoc\u00f3 el desgaste de los conglomerados y la apertura de diversas fisuras o fracturas, que dieron lugar a la formaci\u00f3n de todo un entramado de conductos y galer\u00edas por donde empez\u00f3 a correr un aut\u00e9ntico r\u00edo subterr\u00e1neo.<\/p>\n<\/div>\n\n\n<\/div>\n\n \n        <\/div>        \n    <\/div>\n\n\n","protected":false},"excerpt":{"rendered":"","protected":false},"author":1,"featured_media":0,"parent":2389,"menu_order":66,"comment_status":"closed","ping_status":"closed","template":"layouts\/menu-lateral.php","meta":{"footnotes":""},"class_list":["post-2406","page","type-page","status-publish","hentry"],"acf":[],"_links":{"self":[{"href":"https:\/\/covesdelespluga.info\/es\/wp-json\/wp\/v2\/pages\/2406"}],"collection":[{"href":"https:\/\/covesdelespluga.info\/es\/wp-json\/wp\/v2\/pages"}],"about":[{"href":"https:\/\/covesdelespluga.info\/es\/wp-json\/wp\/v2\/types\/page"}],"author":[{"embeddable":true,"href":"https:\/\/covesdelespluga.info\/es\/wp-json\/wp\/v2\/users\/1"}],"replies":[{"embeddable":true,"href":"https:\/\/covesdelespluga.info\/es\/wp-json\/wp\/v2\/comments?post=2406"}],"version-history":[{"count":2,"href":"https:\/\/covesdelespluga.info\/es\/wp-json\/wp\/v2\/pages\/2406\/revisions"}],"predecessor-version":[{"id":2409,"href":"https:\/\/covesdelespluga.info\/es\/wp-json\/wp\/v2\/pages\/2406\/revisions\/2409"}],"up":[{"embeddable":true,"href":"https:\/\/covesdelespluga.info\/es\/wp-json\/wp\/v2\/pages\/2389"}],"wp:attachment":[{"href":"https:\/\/covesdelespluga.info\/es\/wp-json\/wp\/v2\/media?parent=2406"}],"curies":[{"name":"wp","href":"https:\/\/api.w.org\/{rel}","templated":true}]}}