{"id":2334,"date":"2022-11-23T10:21:26","date_gmt":"2022-11-23T08:21:26","guid":{"rendered":"https:\/\/covesdelespluga.info\/epoca-romana\/"},"modified":"2024-08-06T10:10:56","modified_gmt":"2024-08-06T08:10:56","slug":"epoca-romana","status":"publish","type":"page","link":"https:\/\/covesdelespluga.info\/es\/historia\/epoca-romana\/","title":{"rendered":"\u00c9poca romana"},"content":{"rendered":"<div class=\"full-bleed imatge-destacada  pb-4-desktop pb-4-tablet pb-4-mobile\"> \n    \n                <figure>\n                <img loading=\"lazy\" decoding=\"async\" width=\"1920\" height=\"600\" src=\"https:\/\/covesdelespluga.info\/wp-content\/uploads\/sites\/2\/2022\/12\/Cova_blat-scaled-aspect-ratio-1920-600.jpg\" class=\"attachment-full size-full\" alt=\"\" \/>            <\/figure>\n        \n    \n<\/div>\n\n\n\n    <div class=\"max-width--70 mt-4-desktop pb-4-desktop pb-4-tablet pb-2-mobile capcalera  \">\n        <h3>Un conjunto de monedas<\/h3>    <\/div>\n\n\n\n\n    <div class=\"is-flex-tablet  mb-4-desktop mb-4-tablet mb-2-mobile   seccio\">\n        <div class=\"columns   is-multiline is-variable is-6 max-width--70 is-flex-grow-1  \">\n            \n\n<div class=\"column  \" >\n      \n<div class=\"tinymce max-width--60  pb-4-desktop pb-4-tablet pb-2-mobile flow\">\n    <p>En \u00e9poca romana, seguramente poco despu\u00e9s del cambio de era, la entrada de la Cueva de la Font Major qued\u00f3 tapiada como consecuencia de un escombro y tambi\u00e9n por la aportaci\u00f3n lenta pero constante de sedimentos trasladados por el curso intermitente de aguas que deber\u00eda circular todav\u00eda puntualmente por esta galer\u00eda; y que acabaron ocultando el acceso a la cavidad. Durante este per\u00edodo el vest\u00edbulo de la cueva no era m\u00e1s que una baja galer\u00eda que no debi\u00f3 llegar al metro de altura. En consecuencia, la huella que el mundo romano dej\u00f3 en la Cueva no es muy significativo. A pocos metros de la entrada aparecieron piezas de cer\u00e1mica pertenecientes a finales del s. III aC y principios del s. II a. C., as\u00ed como un conjunto de monedas romanas que nos ubican en el s. Y d.<\/p>\n<\/div>\n\n\n<\/div>\n\n \n        <\/div>        \n    <\/div>\n\n\n","protected":false},"excerpt":{"rendered":"","protected":false},"author":1,"featured_media":0,"parent":2389,"menu_order":94,"comment_status":"closed","ping_status":"closed","template":"layouts\/menu-lateral.php","meta":{"footnotes":""},"class_list":["post-2334","page","type-page","status-publish","hentry"],"acf":[],"_links":{"self":[{"href":"https:\/\/covesdelespluga.info\/es\/wp-json\/wp\/v2\/pages\/2334"}],"collection":[{"href":"https:\/\/covesdelespluga.info\/es\/wp-json\/wp\/v2\/pages"}],"about":[{"href":"https:\/\/covesdelespluga.info\/es\/wp-json\/wp\/v2\/types\/page"}],"author":[{"embeddable":true,"href":"https:\/\/covesdelespluga.info\/es\/wp-json\/wp\/v2\/users\/1"}],"replies":[{"embeddable":true,"href":"https:\/\/covesdelespluga.info\/es\/wp-json\/wp\/v2\/comments?post=2334"}],"version-history":[{"count":2,"href":"https:\/\/covesdelespluga.info\/es\/wp-json\/wp\/v2\/pages\/2334\/revisions"}],"predecessor-version":[{"id":2489,"href":"https:\/\/covesdelespluga.info\/es\/wp-json\/wp\/v2\/pages\/2334\/revisions\/2489"}],"up":[{"embeddable":true,"href":"https:\/\/covesdelespluga.info\/es\/wp-json\/wp\/v2\/pages\/2389"}],"wp:attachment":[{"href":"https:\/\/covesdelespluga.info\/es\/wp-json\/wp\/v2\/media?parent=2334"}],"curies":[{"name":"wp","href":"https:\/\/api.w.org\/{rel}","templated":true}]}}