{"id":2331,"date":"2022-11-23T09:38:05","date_gmt":"2022-11-23T07:38:05","guid":{"rendered":"https:\/\/covesdelespluga.info\/el-neolitic\/"},"modified":"2024-08-06T08:58:59","modified_gmt":"2024-08-06T06:58:59","slug":"el-neolitic","status":"publish","type":"page","link":"https:\/\/covesdelespluga.info\/es\/historia\/el-neolitic\/","title":{"rendered":"El Neol\u00edtico"},"content":{"rendered":"<div class=\"full-bleed imatge-destacada  pb-4-desktop pb-4-tablet pb-4-mobile\"> \n    \n                <figure>\n                <img loading=\"lazy\" decoding=\"async\" width=\"1920\" height=\"600\" src=\"https:\/\/covesdelespluga.info\/wp-content\/uploads\/sites\/2\/2022\/12\/Cova_forn-ceramica-scaled-aspect-ratio-1920-600.jpg\" class=\"attachment-full size-full\" alt=\"\" \/>            <\/figure>\n        \n    \n<\/div>\n\n\n\n\n    <div class=\"is-flex-tablet  mb-4-desktop mb-4-tablet mb-2-mobile   seccio\">\n        <div class=\"columns   is-multiline is-variable is-6 max-width--60 is-flex-grow-1  \">\n            \n\n<div class=\"column  \" >\n      \n    <div class=\"max-width--70 mt-4-desktop pb-4-desktop pb-4-tablet pb-2-mobile capcalera  \">\n        <h3>Uso de la cueva como lugar de h\u00e1bitat permanente<\/h3>    <\/div>\n\n\n\n<div class=\"tinymce max-width--60  pb-4-desktop pb-4-tablet pb-2-mobile flow\">\n    <p>L\u2019ocupaci\u00f3 neol\u00edtica de la Cova de la Font Major s\u2019integra dins del conjunt de jaciments que ens indiquen l\u2019exist\u00e8ncia dels primers assentaments permanents coneguts a l\u2019\u00e0rea del curs alt del Francol\u00ed. En aquest sentit, el reestudi dels materials cer\u00e0mics i dels fragments l\u00edtics dipositats al Museu Salvador Vilaseca de Reus (Mir\u00f3 1995), aix\u00ed com la publicaci\u00f3 d\u2019algunes dades documentades amb posterioritat (Carreras 2002), ens parlen d\u2019un jaciment que permet afrontar una revisi\u00f3 a fons del neol\u00edtic antic cardial a la Catalunya meridional i que ha lliurat un aut\u00e8ntic conjunt de refer\u00e8ncia.<\/p>\n<p>En aquest sentit, cal destacar tamb\u00e9 les noves intervencions efectuades l\u2019any 2011 per part de l\u2019Institut de Paleocologia Humana i Evoluci\u00f3 Social (IPHES), que han perm\u00e8s documentar un dels nivells arqueol\u00f2gics corresponents al neol\u00edtic antic en cova m\u00e9s importants de Catalunya. Aquests treballs arqueol\u00f2gics foren motivats per les obres d\u2019adaptaci\u00f3 de les coves a la nova museografia i han perm\u00e8s registrar un nivell amb abundants materials arqueol\u00f2gics, que integra ind\u00fastria l\u00edtica (alguna d\u2019ella feta mitjan\u00e7ant la t\u00e8cnica del polit, com destrals), restes de fauna, ind\u00fastria en os i cer\u00e0mica. En aquest sentit, la pres\u00e8ncia de fragments de cer\u00e0mica cardial (decorats amb aplicacions d\u2019un tipus de petxina anomenada Cardium edule), aix\u00ed com la troballa d\u2019altres tipus decoratius, permet inferir l\u2019exist\u00e8ncia d\u2019ocupacions humanes a la cavitat durant el neol\u00edtic antic, fa entre 6.000 i 7.000 anys.<\/p>\n<p>Tot plegat, ens indica que pels volts del 4.600 aC, la cova fou ocupada per unes primeres comunitats sedent\u00e0ries, que tot just havien iniciat en el conreu de la terra i la domesticaci\u00f3 d\u2019alguns animals. Els conreus que predominaven en aquest moment eren els cereals (blat i ordi) i les lleguminoses (llenties i p\u00e8sols), l\u2019explotaci\u00f3 dels quals podem relacionar amb la pres\u00e8ncia de les fulles de s\u00edlex documentades a la pr\u00f2pia cova de la Font Major, orientades a la producci\u00f3 de petites l\u00e0mines utilitzades com a peces o dents de fal\u00e7.<\/p>\n<\/div>\n\n\n<\/div>\n\n \n        <\/div>        \n    <\/div>\n\n\n","protected":false},"excerpt":{"rendered":"","protected":false},"author":1,"featured_media":0,"parent":2389,"menu_order":82,"comment_status":"closed","ping_status":"closed","template":"layouts\/menu-lateral.php","meta":{"footnotes":""},"class_list":["post-2331","page","type-page","status-publish","hentry"],"acf":[],"_links":{"self":[{"href":"https:\/\/covesdelespluga.info\/es\/wp-json\/wp\/v2\/pages\/2331"}],"collection":[{"href":"https:\/\/covesdelespluga.info\/es\/wp-json\/wp\/v2\/pages"}],"about":[{"href":"https:\/\/covesdelespluga.info\/es\/wp-json\/wp\/v2\/types\/page"}],"author":[{"embeddable":true,"href":"https:\/\/covesdelespluga.info\/es\/wp-json\/wp\/v2\/users\/1"}],"replies":[{"embeddable":true,"href":"https:\/\/covesdelespluga.info\/es\/wp-json\/wp\/v2\/comments?post=2331"}],"version-history":[{"count":2,"href":"https:\/\/covesdelespluga.info\/es\/wp-json\/wp\/v2\/pages\/2331\/revisions"}],"predecessor-version":[{"id":2456,"href":"https:\/\/covesdelespluga.info\/es\/wp-json\/wp\/v2\/pages\/2331\/revisions\/2456"}],"up":[{"embeddable":true,"href":"https:\/\/covesdelespluga.info\/es\/wp-json\/wp\/v2\/pages\/2389"}],"wp:attachment":[{"href":"https:\/\/covesdelespluga.info\/es\/wp-json\/wp\/v2\/media?parent=2331"}],"curies":[{"name":"wp","href":"https:\/\/api.w.org\/{rel}","templated":true}]}}