{"id":2330,"date":"2022-11-23T19:37:29","date_gmt":"2022-11-23T17:37:29","guid":{"rendered":"https:\/\/covesdelespluga.info\/el-paleolitic\/"},"modified":"2024-08-05T14:21:01","modified_gmt":"2024-08-05T12:21:01","slug":"el-paleolitic","status":"publish","type":"page","link":"https:\/\/covesdelespluga.info\/es\/historia\/el-paleolitic\/","title":{"rendered":"El paleol\u00edtico"},"content":{"rendered":"<div class=\"full-bleed imatge-destacada  pb-4-desktop pb-4-tablet pb-4-mobile\"> \n    \n                <figure>\n                <img loading=\"lazy\" decoding=\"async\" width=\"1920\" height=\"600\" src=\"https:\/\/covesdelespluga.info\/wp-content\/uploads\/sites\/2\/2022\/12\/Cova_neandertals-scaled-aspect-ratio-1920-600.jpg\" class=\"attachment-full size-full\" alt=\"\" \/>            <\/figure>\n        \n    \n<\/div>\n\n\n\n\n    <div class=\"is-flex-tablet  mb-4-desktop mb-4-tablet mb-2-mobile   seccio\">\n        <div class=\"columns   is-multiline is-variable is-6 max-width--60 is-flex-grow-1  \">\n            \n\n<div class=\"column  \" >\n      \n<div class=\"tinymce max-width--60  pb-4-desktop pb-4-tablet pb-2-mobile flow\">\n    <p>El conjunto de evidencias arqueol\u00f3gicas m\u00e1s antiguas documentadas en las Cuevas de l&#8217;Espluga, est\u00e1 integrado por un conjunto de restos faun\u00edsticos que incluye dientes de rinoceronte, hiena, venado y caballo, as\u00ed como diversas cornamentas de venado y una pieza de cuarzo, que parece haber sido trabajada o fragmentada intencionadamente. La situaci\u00f3n del hallazgo (posici\u00f3n secundaria) y el agrupamiento de los elementos parecen indicar que se tratar\u00eda de un conjunto conformado por acci\u00f3n antr\u00f3pica. Su cronolog\u00eda hace presumir una antig\u00fcedad que podr\u00eda remontarse entre el pleistoceno medio y superior (comienzos de la \u00faltima glaciaci\u00f3n) y que podr\u00eda sugerir la frecuentaci\u00f3n del lugar por parte de grupos humanos.<\/p>\n<p>Por otra parte, en las bocas de la Cueva de la Font Major y de la Cueva de la Vila se han podido identificar varios niveles estratigr\u00e1ficos que constatan la presencia de industria l\u00edtica que se pueden atribuir al Paleol\u00edtico superior. Hay que tener presente que la cavidad re\u00fane una serie de caracter\u00edsticas especiales, que permiten plantear su empleo estacional o peri\u00f3dico por parte de grupos n\u00f3madas con el objetivo de explotar a fondo todos los recursos que les ofrec\u00eda el entorno.<\/p>\n<p>El descubrimiento de los grabados paleol\u00edticos de las gatoneras de Cal Palletes, sit\u00faa la presencia humana en estas galer\u00edas hace unos 37000 a\u00f1os. Un santuario paleol\u00edtico con representaciones figurativas mediante la t\u00e9cnica del grabado que convierte a la Cueva en un espacio de culto y espiritualidad para estas primeras comunidades humanas.<\/p>\n<\/div>\n\n\n<\/div>\n\n \n        <\/div>        \n    <\/div>\n\n\n","protected":false},"excerpt":{"rendered":"","protected":false},"author":1,"featured_media":0,"parent":2389,"menu_order":78,"comment_status":"closed","ping_status":"closed","template":"layouts\/menu-lateral.php","meta":{"footnotes":""},"class_list":["post-2330","page","type-page","status-publish","hentry"],"acf":[],"_links":{"self":[{"href":"https:\/\/covesdelespluga.info\/es\/wp-json\/wp\/v2\/pages\/2330"}],"collection":[{"href":"https:\/\/covesdelespluga.info\/es\/wp-json\/wp\/v2\/pages"}],"about":[{"href":"https:\/\/covesdelespluga.info\/es\/wp-json\/wp\/v2\/types\/page"}],"author":[{"embeddable":true,"href":"https:\/\/covesdelespluga.info\/es\/wp-json\/wp\/v2\/users\/1"}],"replies":[{"embeddable":true,"href":"https:\/\/covesdelespluga.info\/es\/wp-json\/wp\/v2\/comments?post=2330"}],"version-history":[{"count":2,"href":"https:\/\/covesdelespluga.info\/es\/wp-json\/wp\/v2\/pages\/2330\/revisions"}],"predecessor-version":[{"id":2445,"href":"https:\/\/covesdelespluga.info\/es\/wp-json\/wp\/v2\/pages\/2330\/revisions\/2445"}],"up":[{"embeddable":true,"href":"https:\/\/covesdelespluga.info\/es\/wp-json\/wp\/v2\/pages\/2389"}],"wp:attachment":[{"href":"https:\/\/covesdelespluga.info\/es\/wp-json\/wp\/v2\/media?parent=2330"}],"curies":[{"name":"wp","href":"https:\/\/api.w.org\/{rel}","templated":true}]}}