{"id":2328,"date":"2022-11-22T16:05:34","date_gmt":"2022-11-22T14:05:34","guid":{"rendered":"https:\/\/covesdelespluga.info\/el-redescobriment-de-la-cavitat-exploracions-espeleologiques\/"},"modified":"2024-08-05T13:34:49","modified_gmt":"2024-08-05T11:34:49","slug":"el-redescobriment-de-la-cavitat-exploracions-espeleologiques","status":"publish","type":"page","link":"https:\/\/covesdelespluga.info\/es\/historia\/el-redescobriment-de-la-cavitat-exploracions-espeleologiques\/","title":{"rendered":"El redescubrimiento de la cavidad: exploraciones espeleol\u00f3gicas"},"content":{"rendered":"<div class=\"full-bleed imatge-destacada  pb-4-desktop pb-4-tablet pb-4-mobile\"> \n    \n                <figure>\n                <img loading=\"lazy\" decoding=\"async\" width=\"1920\" height=\"600\" src=\"https:\/\/covesdelespluga.info\/wp-content\/uploads\/sites\/2\/2022\/12\/1a.exploracio-del-1956-aspect-ratio-1920-600.jpg\" class=\"attachment-full size-full\" alt=\"\" \/>            <\/figure>\n        \n    \n<\/div>\n\n\n\n\n    <div class=\"is-flex-tablet  mb-4-desktop mb-4-tablet mb-2-mobile   seccio\">\n        <div class=\"columns   is-multiline is-variable is-6 max-width--70 is-flex-grow-1  \">\n            \n\n<div class=\"column  is-8\" >\n      \n<div class=\"tinymce max-width--60  pb-4-desktop pb-4-tablet pb-2-mobile flow\">\n    <p>En \u00e9poca romana se produjo el derrumbe de una parte de la cavidad que tapi\u00f3 y ocult\u00f3 el acceso a las galer\u00edas de la Cueva de la Font Major durante los siglos posteriores. A lo largo de las sucesivas generaciones, la memoria de la existencia de esta extensa cavidad subterr\u00e1nea qued\u00f3 en el olvido, hasta que a mediados del siglo XIX fue nuevamente redescubierta por los habitantes de Espluga.<\/p>\n<p>El redescubrimiento de la Cueva de la Font Major se produjo el 21 de abril de 1853, cuando la perforaci\u00f3n de un pozo en una casa de la villa (el pozo de Cal Palletes) top\u00f3 con una galer\u00eda lateral que llevaba al r\u00edo subterr\u00e1neo . Una improvisada expedici\u00f3n remont\u00f3 parte del r\u00edo subterr\u00e1neo y se descubrieron tambi\u00e9n las grandes galer\u00edas de la actual entrada, que hab\u00eda quedado tapiada por el derribo mencionado y quedaba parcialmente rellenada por los sedimentos que se hab\u00edan ido depositando a lo largo de los siglos. Pero no ser\u00eda hasta el 28 de agosto de 1956 cuando miembros del Centro Excursionista Pirenaico bajaron de nuevo por el mismo pozo y recorrieron buena parte de las galer\u00edas hasta un primer sif\u00f3n que no pudieron flanquear.<\/p>\n<p>Un a\u00f1o despu\u00e9s se abr\u00eda la entrada actual. A partir de 1957 numerosas exploraciones intentaron superar el mencionado sif\u00f3n, no fue hasta un d\u00eda de abril de 1957 cuando Diego Ciuraneta, espele\u00f3logo de la Sociedad de Exploraciones Submarinas de Tarragona, logr\u00f3 pasarlo por primera vez. M\u00e1s adelante, en 1965 dos espele\u00f3logos del Equipo de Investigaci\u00f3n Espeleol\u00f3gicas (ERE) volv\u00edan a atravesarlo y recorrieron 300 metros de galer\u00edas totalmente inundadas. En 1985 un equipo del ERE y del CEC reanudan los estudios sobre los cartes de la Font Major.<\/p>\n<p>Se rebasa nuevamente el primer sif\u00f3n y se remonta el r\u00edo subterr\u00e1neo recorriendo zonas totalmente desconocidas, hasta que se lleg\u00f3 a un segundo sif\u00f3n que todav\u00eda no se ha podido traspasar. En el marco de esta expedici\u00f3n: lagos, t\u00faneles y varios pisos de galer\u00edas fosilizadas fueron cuidadosamente topografiadas.<\/p>\n<\/div>\n\n\n<\/div>\n\n\n\n<div class=\"column  \" >\n      \n<div class=\"tinymce max-width--60  pb-4-desktop pb-4-tablet pb-2-mobile flow\">\n    <p class=\"highlighted-p-3\" align=\"left\">El redescubrimiento de la Cueva de la Font Major se produjo el 21 de abril de 1853<\/p>\n<\/div>\n\n\n<\/div>\n\n \n        <\/div>        \n    <\/div>\n\n\n","protected":false},"excerpt":{"rendered":"","protected":false},"author":1,"featured_media":0,"parent":2389,"menu_order":70,"comment_status":"closed","ping_status":"closed","template":"layouts\/menu-lateral.php","meta":{"footnotes":""},"class_list":["post-2328","page","type-page","status-publish","hentry"],"acf":[],"_links":{"self":[{"href":"https:\/\/covesdelespluga.info\/es\/wp-json\/wp\/v2\/pages\/2328"}],"collection":[{"href":"https:\/\/covesdelespluga.info\/es\/wp-json\/wp\/v2\/pages"}],"about":[{"href":"https:\/\/covesdelespluga.info\/es\/wp-json\/wp\/v2\/types\/page"}],"author":[{"embeddable":true,"href":"https:\/\/covesdelespluga.info\/es\/wp-json\/wp\/v2\/users\/1"}],"replies":[{"embeddable":true,"href":"https:\/\/covesdelespluga.info\/es\/wp-json\/wp\/v2\/comments?post=2328"}],"version-history":[{"count":2,"href":"https:\/\/covesdelespluga.info\/es\/wp-json\/wp\/v2\/pages\/2328\/revisions"}],"predecessor-version":[{"id":2420,"href":"https:\/\/covesdelespluga.info\/es\/wp-json\/wp\/v2\/pages\/2328\/revisions\/2420"}],"up":[{"embeddable":true,"href":"https:\/\/covesdelespluga.info\/es\/wp-json\/wp\/v2\/pages\/2389"}],"wp:attachment":[{"href":"https:\/\/covesdelespluga.info\/es\/wp-json\/wp\/v2\/media?parent=2328"}],"curies":[{"name":"wp","href":"https:\/\/api.w.org\/{rel}","templated":true}]}}