{"id":2327,"date":"2022-11-15T11:21:27","date_gmt":"2022-11-15T09:21:27","guid":{"rendered":"https:\/\/covesdelespluga.info\/presentacio\/"},"modified":"2024-08-05T12:56:25","modified_gmt":"2024-08-05T10:56:25","slug":"presentacio","status":"publish","type":"page","link":"https:\/\/covesdelespluga.info\/es\/historia\/presentacio\/","title":{"rendered":"Presentaci\u00f3n"},"content":{"rendered":"<div class=\"full-bleed imatge-destacada  pb-4-desktop pb-4-tablet pb-4-mobile\"> \n    \n                <figure>\n                <img loading=\"lazy\" decoding=\"async\" width=\"1920\" height=\"600\" src=\"https:\/\/covesdelespluga.info\/wp-content\/uploads\/sites\/2\/2022\/12\/DSC06162-scaled-aspect-ratio-1920-600.jpg\" class=\"attachment-full size-full\" alt=\"\" \/>            <\/figure>\n        \n    \n<\/div>\n\n\n\n\n    <div class=\"is-flex-tablet  mb-4-desktop mb-4-tablet mb-2-mobile   seccio\">\n        <div class=\"columns   is-multiline is-variable is-6 max-width--70 is-flex-grow-1  \">\n            \n\n<div class=\"column  is-8\" >\n      \n<div class=\"tinymce max-width--60  pb-4-desktop pb-4-tablet pb-2-mobile flow\">\n    <p>Las Cuevas de l&#8217;Espluga integran lo que hoy conocemos como dos cavidades o cuevas diferenciadas (la Cueva de la Villa y la Cueva de la Font Major), si bien en un origen ambas galer\u00edas formaban parte de una \u00fanica y extensa cavidad que transcurre justo por el subsuelo del actual casco urbano del municipio. Las exploraciones espeleol\u00f3gicas realizadas a partir de 1956 han permitido recorrer y topografiar hasta el momento 3600 metros de galer\u00edas. Esto hace que esta cueva alcance el est\u00e1ndar internacional de \u201cGran Cavidad\u201d y que por sus dimensiones se convierta en la s\u00e9ptima cueva m\u00e1s larga del mundo, de entre todas las cavidades formadas en conglomerados. Por buena parte de estas galer\u00edas, todav\u00eda transcurre un curso de aguas subterr\u00e1neas que aflora al exterior por la Font Major, el punto de nacimiento del r\u00edo Francol\u00ed.<\/p>\n<p>La presencia de la cavidad en este lugar est\u00e1 en el origen del propio nombre del pueblo, dado que \u201cEspluga\u201d en lat\u00edn significa \u201ccueva\u201d y \u00e9ste es el nombre con el que desde el siglo XI se conoce el municipio. Algo que parece indicar que los or\u00edgenes m\u00e1s remotos del pueblo estar\u00edan vinculados a la ocupaci\u00f3n humana de la cavidad. En cualquier caso, desde que la cavidad fue redescubierta, se han efectuado varios hallazgos arqueol\u00f3gicos que certifican la presencia y frecuentaci\u00f3n humana de la cueva desde el Paleol\u00edtico.<\/p>\n<\/div>\n\n\n<\/div>\n\n\n\n<div class=\"column  \" >\n      \n<div class=\"tinymce max-width--60  pb-4-desktop pb-4-tablet pb-2-mobile flow\">\n    <p class=\"highlighted-p-2\">\u201cEspluga\u201d en lat\u00edn significa \u201ccueva\u201d y, \u00e9ste es el nombre con el que desde el siglo XI se conoce el municipio.<\/p>\n<\/div>\n\n\n<\/div>\n\n \n        <\/div>        \n    <\/div>\n\n\n","protected":false},"excerpt":{"rendered":"","protected":false},"author":1,"featured_media":0,"parent":2389,"menu_order":62,"comment_status":"closed","ping_status":"closed","template":"layouts\/menu-lateral.php","meta":{"footnotes":""},"class_list":["post-2327","page","type-page","status-publish","hentry"],"acf":[],"_links":{"self":[{"href":"https:\/\/covesdelespluga.info\/es\/wp-json\/wp\/v2\/pages\/2327"}],"collection":[{"href":"https:\/\/covesdelespluga.info\/es\/wp-json\/wp\/v2\/pages"}],"about":[{"href":"https:\/\/covesdelespluga.info\/es\/wp-json\/wp\/v2\/types\/page"}],"author":[{"embeddable":true,"href":"https:\/\/covesdelespluga.info\/es\/wp-json\/wp\/v2\/users\/1"}],"replies":[{"embeddable":true,"href":"https:\/\/covesdelespluga.info\/es\/wp-json\/wp\/v2\/comments?post=2327"}],"version-history":[{"count":2,"href":"https:\/\/covesdelespluga.info\/es\/wp-json\/wp\/v2\/pages\/2327\/revisions"}],"predecessor-version":[{"id":2398,"href":"https:\/\/covesdelespluga.info\/es\/wp-json\/wp\/v2\/pages\/2327\/revisions\/2398"}],"up":[{"embeddable":true,"href":"https:\/\/covesdelespluga.info\/es\/wp-json\/wp\/v2\/pages\/2389"}],"wp:attachment":[{"href":"https:\/\/covesdelespluga.info\/es\/wp-json\/wp\/v2\/media?parent=2327"}],"curies":[{"name":"wp","href":"https:\/\/api.w.org\/{rel}","templated":true}]}}