{"id":2180,"date":"2024-07-09T12:48:54","date_gmt":"2024-07-09T10:48:54","guid":{"rendered":"https:\/\/covesdelespluga.info\/?page_id=2180"},"modified":"2024-07-09T12:53:22","modified_gmt":"2024-07-09T10:53:22","slug":"politica-de-cookies","status":"publish","type":"page","link":"https:\/\/covesdelespluga.info\/es\/politica-de-cookies\/","title":{"rendered":"Pol\u00edtica de cookies"},"content":{"rendered":"<div class=\"tinymce max-width--60  pb-4-desktop pb-4-tablet pb-2-mobile flow\">\n    <p><strong>Primera capa:<\/strong><\/p>\n<h4>AV\u00cdS DE COOKIES<\/h4>\n<p>Utilitzem cookies pr\u00f2pies i de tercers per analitzar els nostres serveis i mostrar-te publicitat relacionada amb les prefer\u00e8ncies dels usuaris en base a un perfil elaborat a partir dels seus seus h\u00e0bits de navegaci\u00f3. Pots obtenir m\u00e9s informaci\u00f3 i configurar les teves prefer\u00e8ncies AQUI.<\/p>\n<p>(activar enlla\u00e7 que redirigeixi al contingut de la segona capa )<\/p>\n<p>Acceptar cookies \u2013 Rebutjar cookies \u2013 (Configurar cookies)<\/p>\n<p><strong>Segona Capa:<\/strong><\/p>\n<h4>POL\u00cdTICA DE COOKIES<\/h4>\n<p>Els informem que a la web www.esplugaturisme.cat, el sistema de navegaci\u00f3 utilitza algunes dades de navegaci\u00f3 (\u201cCookies\u201d) per poder oferir un servei m\u00e9s personalitzat als usuaris de la web.<\/p>\n<p>Les \u201cCookies\u201d s\u00f3n petits arxius de text que el navegador guarda quan es navega per p\u00e0gines web i aplicacions. En general, aquestes tecnologies poden servir per finalitats molt diverses, com per exemple, recon\u00e8ixer-te com a usuari, obtenir informaci\u00f3 dels teus h\u00e0bits de navegaci\u00f3 o personalitzar la forma en que es mostra el contingut.<\/p>\n<p>L\u2019Ajuntament de l\u2019Espluga de Francol\u00ed a la seva web utilitza \u201ccookies\u201d de tercers:<\/p>\n<p>Cookies d\u2019an\u00e0lisi: Aquestes s\u00f3n tractades per tercers i ens permeten quantificar el nombre d\u2019usuaris i aix\u00ed poder realitzar el mesurament i an\u00e0lisi estad\u00edstic de la utilitzaci\u00f3 que realitzen els usuaris del servei ofert. Per aix\u00f2, s\u2019analitza la seva navegaci\u00f3 a la nostra web amb la finalitat de millorar la nostra oferta de productes i serveis. El tercer \u00e9s Google Analytics, que \u00e9s un servei d\u2019estad\u00edstiques de p\u00e0gines web que ofereix Google Inc. Google Analytics recull informaci\u00f3 de l\u2019equip de l\u2019usuari per obtenir informes sobre l\u2019activitat de l\u2019aplicaci\u00f3 i emmagatzema la informaci\u00f3 recollida per les \u201ccookies\u201d a servidors dels Estats Units existint una transfer\u00e8ncia internacional de dades, i per tant, acceptant a la mateixa,mitjan\u00e7ant l\u2019acceptaci\u00f3 a aquestes cookies.<\/p>\n<p>Cookies publicit\u00e0ries comportamentals: S\u00f3n aquelles, que tractades per tercers, ens permeten analitzar els h\u00e0bits de navegaci\u00f3 a Internet per poder mostrar publicitat amb el seu perfil de navegaci\u00f3. El servei \u00e9s prestat per Google Inc.<\/p>\n<p>En tot cas, en el sup\u00f2sit que es captin dades de car\u00e0cter personal i en aquest cas, nom\u00e9s l\u2019adre\u00e7a IP d\u2019acc\u00e9s; els informem que aquestes seran tractades sota la responsabilitat de l\u2019Ajuntament de l\u2019Espluga de Francol\u00ed.<\/p>\n<p>La finalitat d\u2019aquest tractament \u00e9s la gesti\u00f3 i control de les xarxes socials que es disposen aix\u00ed com dels usuaris que interactuen a la web i la informaci\u00f3 que s\u2019obt\u00e9, essent el seu consentiment la base de legitimaci\u00f3 d\u2019aquest tractament. Aquestes dades seran transmeses a les empreses gestores de les cookies i seran conservades d\u2019acord amb els par\u00e0metres estipulats per aquestes empreses. Aquestes dades seran transferides a tercers pa\u00efsos, podent obtenir informaci\u00f3 al respecte a la pr\u00f2pia pol\u00edtica de Google: https:\/\/policies.google.com\/privacy?hl=es.<\/p>\n<p>Conforme all\u00f2 disposat en la normativa de protecci\u00f3 de dades de car\u00e0cter personal, li informem que pot revocar aquestes autoritzacions a trav\u00e9s del seu propi navegador o exercitar els drets d\u2019acc\u00e9s, rectificaci\u00f3 o supressi\u00f3, la limitaci\u00f3 del tractament o oposar-se, aix\u00ed com el dret a la portabilitat de les dades es pot dirigir a: L\u2019Ajuntament de l\u2019Espluga de Francol\u00ed o b\u00e9 enviant un correu electr\u00f2nic a : <span id=\"eeb-390745-865336\">dpd@esplugadefrancoli.cat<\/span> .<\/p>\n<p>Aix\u00ed mateix, podr\u00e0 presentar una reclamaci\u00f3 davant de l\u2019Ag\u00e8ncia Espanyola de Protecci\u00f3 de Dades \/ Autoritat Catalana de Protecci\u00f3 de Dades; o ficar-se en contacte amb el Delegat de Protecci\u00f3 de Dades a : <span id=\"eeb-853543-336279\">dpd@esplugadefrancoli.cat<\/span> .<\/p>\n<p>S\u2019informa a l\u2019usuari que Google podr\u00e0 transmetre aquesta informaci\u00f3 a tercers quan aix\u00ed ho requereixi la llei, o quan aquests tercers processin la informaci\u00f3 per compte de Google. Google no associar\u00e0 l\u2019adre\u00e7a d\u2019 IP de l\u2019usuari amb cap altra dada que disposi, i per tant, ho far\u00e0 totalment de forma anonimitzada.<\/p>\n<p>Per rebutjar o eliminar aquesta \u201ccookie\u201d es pot consultar la seg\u00fcent adre\u00e7a:<br \/>http:\/\/www.google.com\/intl\/ca\/policies\/privacy\/ <br \/>http:\/\/www.google.com\/intl\/en\/privacypolicy.html<\/p>\n<p>&nbsp;<\/p>\n<h4>DESACTIVACI\u00d3 I BLOQUEIG DE LES COOKIES<\/h4>\n<p>En qualsevol cas, l\u2019 usuari pot habilitar l\u2019opci\u00f3 del seu propi sistema de navegaci\u00f3 per tal de no permetre la instal\u00b7laci\u00f3 de cookies; sense que en cap cas (Nom de l\u2019empresa) pugui ser responsable de que la inhabilitaci\u00f3 de Cookies comporti que alguns dels serveis que ofereix aquesta web no funcionin correctament.<\/p>\n<p>En els seg\u00fcents enlla\u00e7os, podr\u00e0 trobar instruccions que l\u2019ajudaran a configurar els ajustos dels principals navegadors m\u00e9s utilitzats.<\/p>\n<p><strong>Internet Explorer:<\/strong><\/p>\n<p>https:\/\/support.microsoft.com\/es-es\/help\/17442\/windows-internet-explorer-delete-manage-cookies<\/p>\n<p><strong>Microsoft Edge;<\/strong><\/p>\n<p>https:\/\/support.microsoft.com\/es-es\/help\/4027947\/microsoft-edge-delete-cookies<\/p>\n<p><strong>Google Chrome:<\/strong><\/p>\n<p>https:\/\/support.google.com\/chrome\/answer\/95647?hl=es<\/p>\n<p><strong>Mozilla Firefox:<\/strong><\/p>\n<p>http:\/\/support.mozilla.org\/es\/kb\/habilitar-y-deshabilitar-cookies-que-los-sitios-we<\/p>\n<p><strong>Safari:<\/strong><br \/>http:\/\/support.apple.com\/kb\/ph5042<\/p>\n<p><strong>Safari para IOS (Iphone, IPad):<\/strong><\/p>\n<p>http:\/\/support.apple.com\/kb\/ht1677?viewlocale=es_es&#038;locale=es_es<\/p>\n<p><strong>Chrome para Android:<\/strong><\/p>\n<p>https:\/\/support.google.com\/chrome\/answer\/2392971?hl=es<\/p>\n<p>&nbsp;<\/p>\n<p>Si es desitja m\u00e9s informaci\u00f3 sobre les cookies i la seva manera de deshabilitar-les segons el seu sistema de navegaci\u00f3 pot consultar els seg\u00fcents links:<\/p>\n<p>www.aboutcookies.org<br \/>http:\/\/www.aboutcookies.org\/Default.aspx?page=1<\/p>\n<p>En cas contrari, i havent informat a l\u2019Ajuntament de l\u2019Espluga de Francol\u00ed de l\u2019 \u00fas de cookies, i sense que aquestes hagin estat inhabilitades, implica que l\u2019usuari presta el seu consentiment al tractament de dades per Google en la forma prevista en aquest av\u00eds i per les finalitats aqu\u00ed descrites.<\/p>\n<p>En cas de dubte o de qualsevol comentari, es pot dirigir a l\u2019Ajuntament de l\u2019Espluga de Francol\u00ed a trav\u00e9s dels seus mitjans d\u2019atenci\u00f3 al p\u00fablic o b\u00e9 comunicar-se amb nosaltres a trav\u00e9s de : <span id=\"eeb-382566-851253\">dpd@esplugadefrancoli.cat<\/span> .<\/p>\n<\/div>\n\n","protected":false},"excerpt":{"rendered":"","protected":false},"author":1,"featured_media":0,"parent":0,"menu_order":2,"comment_status":"closed","ping_status":"closed","template":"","meta":{"footnotes":""},"class_list":["post-2180","page","type-page","status-publish","hentry"],"acf":[],"_links":{"self":[{"href":"https:\/\/covesdelespluga.info\/es\/wp-json\/wp\/v2\/pages\/2180"}],"collection":[{"href":"https:\/\/covesdelespluga.info\/es\/wp-json\/wp\/v2\/pages"}],"about":[{"href":"https:\/\/covesdelespluga.info\/es\/wp-json\/wp\/v2\/types\/page"}],"author":[{"embeddable":true,"href":"https:\/\/covesdelespluga.info\/es\/wp-json\/wp\/v2\/users\/1"}],"replies":[{"embeddable":true,"href":"https:\/\/covesdelespluga.info\/es\/wp-json\/wp\/v2\/comments?post=2180"}],"version-history":[{"count":1,"href":"https:\/\/covesdelespluga.info\/es\/wp-json\/wp\/v2\/pages\/2180\/revisions"}],"predecessor-version":[{"id":2181,"href":"https:\/\/covesdelespluga.info\/es\/wp-json\/wp\/v2\/pages\/2180\/revisions\/2181"}],"wp:attachment":[{"href":"https:\/\/covesdelespluga.info\/es\/wp-json\/wp\/v2\/media?parent=2180"}],"curies":[{"name":"wp","href":"https:\/\/api.w.org\/{rel}","templated":true}]}}